{"id":7909,"date":"2021-12-29T16:22:50","date_gmt":"2021-12-29T15:22:50","guid":{"rendered":"https:\/\/sck.stargard.pl\/projekte\/koalition-fuer-senioren-in-stargard\/"},"modified":"2022-04-14T14:20:08","modified_gmt":"2022-04-14T12:20:08","slug":"koalition-fuer-senioren-in-stargard","status":"publish","type":"page","link":"https:\/\/sck.stargard.pl\/de\/projekte\/koalition-fuer-senioren-in-stargard\/","title":{"rendered":"Koalition f\u00fcr Senioren in Stargard"},"content":{"rendered":"<p><div class=\"fusion-fullwidth fullwidth-box fusion-builder-row-1 fusion-flex-container nonhundred-percent-fullwidth non-hundred-percent-height-scrolling\" style=\"--awb-border-sizes-top:0px;--awb-border-sizes-bottom:0px;--awb-border-sizes-left:0px;--awb-border-sizes-right:0px;--awb-border-radius-top-left:0px;--awb-border-radius-top-right:0px;--awb-border-radius-bottom-right:0px;--awb-border-radius-bottom-left:0px;--awb-padding-top:0px;--awb-padding-bottom:20px;--awb-margin-top:0px;--awb-margin-bottom:0px;--awb-flex-wrap:wrap;\" ><div class=\"fusion-builder-row fusion-row fusion-flex-align-items-flex-start fusion-flex-content-wrap\" style=\"max-width:1352px;margin-left: calc(-4% \/ 2 );margin-right: calc(-4% \/ 2 );\"><div class=\"fusion-layout-column fusion_builder_column fusion-builder-column-0 fusion_builder_column_1_1 1_1 fusion-flex-column\" style=\"--awb-bg-size:cover;--awb-width-large:100%;--awb-margin-top-large:20px;--awb-spacing-right-large:1.92%;--awb-margin-bottom-large:20px;--awb-spacing-left-large:1.92%;--awb-width-medium:100%;--awb-order-medium:0;--awb-spacing-right-medium:1.92%;--awb-spacing-left-medium:1.92%;--awb-width-small:100%;--awb-order-small:0;--awb-spacing-right-small:1.92%;--awb-spacing-left-small:1.92%;\"><div class=\"fusion-column-wrapper fusion-column-has-shadow fusion-flex-justify-content-flex-start fusion-content-layout-column\"><div class=\"fusion-title title fusion-title-1 fusion-title-text fusion-title-size-two\" style=\"--awb-margin-top-small:0px;--awb-margin-bottom-small:20px;\"><div class=\"title-sep-container title-sep-container-left fusion-no-large-visibility fusion-no-medium-visibility fusion-no-small-visibility\"><div class=\"title-sep sep- sep-solid\" style=\"border-color:#e2e2e2;\"><\/div><\/div><span class=\"awb-title-spacer fusion-no-large-visibility fusion-no-medium-visibility fusion-no-small-visibility\"><\/span><h2 class=\"fusion-title-heading title-heading-left fusion-responsive-typography-calculated\" style=\"margin:0;--fontSize:36;line-height:1.2;\">Dzia\u0142amy w koalicji dla seniora!<\/h2><span class=\"awb-title-spacer\"><\/span><div class=\"title-sep-container title-sep-container-right\"><div class=\"title-sep sep- sep-solid\" style=\"border-color:#e2e2e2;\"><\/div><\/div><\/div><div class=\"fusion-text fusion-text-1\" style=\"--awb-font-size:18px;--awb-letter-spacing:0px;--awb-text-transform:none;\"><p>Maj zako\u0144czy\u0142 si\u0119 dla SCK wspaniale! Zdobyli\u015bmy kolejne dofinansowanie.<br \/>\nEfekty pracy projektowej w trakcie pandemii przynosz\u0105 efekty i z tego bardzo si\u0119 cieszymy<br \/>\nUda\u0142o si\u0119 pozyska\u0107 blisko 150 tys. z\u0142 z programu Aktywni+ na dzia\u0142ania, kt\u00f3re zostan\u0105 zrealizowane w SCK.<br \/>\nA to wszystko dzi\u0119ki tr\u00f3jstronnej wsp\u00f3\u0142pracy Fundacji Serce dla Wszystkich, Stowarzyszenia Artystycznego B-moll i nas &#8211; Stargardzkiego Centrum Kultury w ramach kt\u00f3rej wsp\u00f3lnie zrealizujemy projekt pod nazw\u0105: \u201eSTARGARDZKA KOALICJA DLA SENIORA\u201d.<\/p>\n<p>A co b\u0119dzie si\u0119 dzia\u0142o? Uchylamy r\u0105bek tajemnicy.<\/p>\n<p>W SCK rozpocznie swoj\u0105 dzia\u0142alno\u015b\u0107 Pracownia Dziennikarstwa i Lokalno\u015bci.<\/p>\n<p>Odb\u0119dzie si\u0119 mn\u00f3stwo ciekawych inicjatyw skierowanych dla stargardzkich senior\u00f3w, m.in.: warsztaty fotograficzne, multimedialne i plastyczne.<br \/>\nZaaran\u017cowana i wyposa\u017cona zostanie r\u00f3wnie\u017c przestrzen\u0301 w budynku SCK, gdzie b\u0119dzie mo\u017cna odpocz\u0105\u0107, przeczytac\u0301 ksia\u0328z\u0307ke\u0328, napi\u0107 si\u0119 kawy, zagrac\u0301 w szachy lub pos\u0142uchac\u0301 dobrej muzyki.<\/p>\n<\/div><div class=\"fusion-image-element \" style=\"text-align:center;--awb-caption-title-font-family:var(--h2_typography-font-family);--awb-caption-title-font-weight:var(--h2_typography-font-weight);--awb-caption-title-font-style:var(--h2_typography-font-style);--awb-caption-title-size:var(--h2_typography-font-size);--awb-caption-title-transform:var(--h2_typography-text-transform);--awb-caption-title-line-height:var(--h2_typography-line-height);--awb-caption-title-letter-spacing:var(--h2_typography-letter-spacing);--awb-filter:brightness(100%);--awb-filter-transition:filter 0.3s ease;--awb-filter-hover:brightness(110%);\"><span class=\" fusion-imageframe imageframe-none imageframe-1 hover-type-none\" style=\"border-radius:8px;\"><img decoding=\"async\" width=\"800\" height=\"800\" title=\"Stargardzka Koalicja dla Seniora\" src=\"data:image\/svg+xml,%3Csvg%20xmlns%3D%27http%3A%2F%2Fwww.w3.org%2F2000%2Fsvg%27%20width%3D%27800%27%20height%3D%27800%27%20viewBox%3D%270%200%20800%20800%27%3E%3Crect%20width%3D%27800%27%20height%3D%27800%27%20fill-opacity%3D%220%22%2F%3E%3C%2Fsvg%3E\" data-orig-src=\"https:\/\/sck.stargard.pl\/wp-content\/uploads\/2021\/12\/Foto-Stargardzka-Koalicja-dla-Seniora.jpg\" alt class=\"lazyload img-responsive wp-image-7582\"\/><\/span><\/div><\/div><\/div><\/div><\/div><div class=\"fusion-fullwidth fullwidth-box fusion-builder-row-2 fusion-flex-container nonhundred-percent-fullwidth non-hundred-percent-height-scrolling\" style=\"--awb-border-radius-top-left:0px;--awb-border-radius-top-right:0px;--awb-border-radius-bottom-right:0px;--awb-border-radius-bottom-left:0px;--awb-flex-wrap:wrap;\" ><div class=\"fusion-builder-row fusion-row fusion-flex-align-items-flex-start fusion-flex-content-wrap\" style=\"max-width:1352px;margin-left: calc(-4% \/ 2 );margin-right: calc(-4% \/ 2 );\"><div class=\"fusion-layout-column fusion_builder_column fusion-builder-column-1 fusion_builder_column_1_1 1_1 fusion-flex-column\" style=\"--awb-bg-size:cover;--awb-width-large:100%;--awb-margin-top-large:0px;--awb-spacing-right-large:1.92%;--awb-margin-bottom-large:20px;--awb-spacing-left-large:1.92%;--awb-width-medium:100%;--awb-order-medium:0;--awb-spacing-right-medium:1.92%;--awb-spacing-left-medium:1.92%;--awb-width-small:100%;--awb-order-small:0;--awb-spacing-right-small:1.92%;--awb-spacing-left-small:1.92%;\"><div class=\"fusion-column-wrapper fusion-column-has-shadow fusion-flex-justify-content-flex-start fusion-content-layout-column\"><div style=\"text-align:center;\"><a class=\"fusion-button button-flat button-large button-custom fusion-button-default button-1 fusion-button-default-span fusion-button-default-type\" style=\"--button_accent_color:#070a21;--button_border_color:#81ae20;--button_accent_hover_color:#070a21;--button_border_hover_color:#a70240;--button_border_width-top:8px;--button_border_width-right:8px;--button_border_width-bottom:8px;--button_border_width-left:8px;--button-border-radius-top-left:0;--button-border-radius-top-right:0;--button-border-radius-bottom-right:0;--button-border-radius-bottom-left:0;--button_gradient_top_color:rgba(255,255,255,0);--button_gradient_bottom_color:rgba(255,255,255,0);--button_gradient_top_color_hover:rgba(255,255,255,0);--button_gradient_bottom_color_hover:rgba(255,255,255,0);--button_text_transform:lowercase;--button_typography-letter-spacing:-1px;--button_typography-font-family:&quot;Montserrat&quot;;--button_typography-font-style:normal;--button_typography-font-weight:800;--button_margin-top:20px;\" target=\"_self\" href=\"https:\/\/sck.stargard.pl\/de\/projekte\/\"><span class=\"fusion-button-text awb-button__text awb-button__text--default\">zur\u00fcck<\/span><\/a><\/div><\/div><\/div><\/div><\/div><\/p>\n","protected":false},"excerpt":{"rendered":"","protected":false},"author":1,"featured_media":7616,"parent":7880,"menu_order":0,"comment_status":"closed","ping_status":"closed","template":"","meta":{"_acf_changed":false,"footnotes":""},"class_list":["post-7909","page","type-page","status-publish","has-post-thumbnail","hentry"],"acf":[],"_links":{"self":[{"href":"https:\/\/sck.stargard.pl\/de\/wp-json\/wp\/v2\/pages\/7909","targetHints":{"allow":["GET"]}}],"collection":[{"href":"https:\/\/sck.stargard.pl\/de\/wp-json\/wp\/v2\/pages"}],"about":[{"href":"https:\/\/sck.stargard.pl\/de\/wp-json\/wp\/v2\/types\/page"}],"author":[{"embeddable":true,"href":"https:\/\/sck.stargard.pl\/de\/wp-json\/wp\/v2\/users\/1"}],"replies":[{"embeddable":true,"href":"https:\/\/sck.stargard.pl\/de\/wp-json\/wp\/v2\/comments?post=7909"}],"version-history":[{"count":2,"href":"https:\/\/sck.stargard.pl\/de\/wp-json\/wp\/v2\/pages\/7909\/revisions"}],"predecessor-version":[{"id":7911,"href":"https:\/\/sck.stargard.pl\/de\/wp-json\/wp\/v2\/pages\/7909\/revisions\/7911"}],"up":[{"embeddable":true,"href":"https:\/\/sck.stargard.pl\/de\/wp-json\/wp\/v2\/pages\/7880"}],"wp:featuredmedia":[{"embeddable":true,"href":"https:\/\/sck.stargard.pl\/de\/wp-json\/wp\/v2\/media\/7616"}],"wp:attachment":[{"href":"https:\/\/sck.stargard.pl\/de\/wp-json\/wp\/v2\/media?parent=7909"}],"curies":[{"name":"wp","href":"https:\/\/api.w.org\/{rel}","templated":true}]}}