{"id":7906,"date":"2021-12-29T14:45:31","date_gmt":"2021-12-29T13:45:31","guid":{"rendered":"https:\/\/sck.stargard.pl\/projekte\/foerdermittel-fuers-kino-im-sck\/"},"modified":"2022-04-14T14:19:08","modified_gmt":"2022-04-14T12:19:08","slug":"foerdermittel-fuers-kino-im-sck","status":"publish","type":"page","link":"https:\/\/sck.stargard.pl\/de\/projekte\/foerdermittel-fuers-kino-im-sck\/","title":{"rendered":"F\u00f6rdermittel f\u00fcrs Kino im SCK"},"content":{"rendered":"<p><div class=\"fusion-fullwidth fullwidth-box fusion-builder-row-1 fusion-flex-container nonhundred-percent-fullwidth non-hundred-percent-height-scrolling\" style=\"--awb-border-sizes-top:0px;--awb-border-sizes-bottom:0px;--awb-border-sizes-left:0px;--awb-border-sizes-right:0px;--awb-border-radius-top-left:0px;--awb-border-radius-top-right:0px;--awb-border-radius-bottom-right:0px;--awb-border-radius-bottom-left:0px;--awb-padding-top:0px;--awb-padding-bottom:20px;--awb-margin-top:0px;--awb-margin-bottom:0px;--awb-flex-wrap:wrap;\" ><div class=\"fusion-builder-row fusion-row fusion-flex-align-items-flex-start fusion-flex-content-wrap\" style=\"max-width:1352px;margin-left: calc(-4% \/ 2 );margin-right: calc(-4% \/ 2 );\"><div class=\"fusion-layout-column fusion_builder_column fusion-builder-column-0 fusion_builder_column_1_1 1_1 fusion-flex-column\" style=\"--awb-bg-size:cover;--awb-width-large:100%;--awb-margin-top-large:20px;--awb-spacing-right-large:1.92%;--awb-margin-bottom-large:20px;--awb-spacing-left-large:1.92%;--awb-width-medium:100%;--awb-order-medium:0;--awb-spacing-right-medium:1.92%;--awb-spacing-left-medium:1.92%;--awb-width-small:100%;--awb-order-small:0;--awb-spacing-right-small:1.92%;--awb-spacing-left-small:1.92%;\"><div class=\"fusion-column-wrapper fusion-column-has-shadow fusion-flex-justify-content-flex-start fusion-content-layout-column\"><div class=\"fusion-title title fusion-title-1 fusion-title-text fusion-title-size-two\" style=\"--awb-margin-top-small:0px;--awb-margin-bottom-small:20px;\"><div class=\"title-sep-container title-sep-container-left fusion-no-large-visibility fusion-no-medium-visibility fusion-no-small-visibility\"><div class=\"title-sep sep- sep-solid\" style=\"border-color:#e2e2e2;\"><\/div><\/div><span class=\"awb-title-spacer fusion-no-large-visibility fusion-no-medium-visibility fusion-no-small-visibility\"><\/span><h2 class=\"fusion-title-heading title-heading-left fusion-responsive-typography-calculated\" style=\"margin:0;--fontSize:36;line-height:1.2;\">W Kinie Stargardzkiego Centrum Kultury jest nowy projektor<\/h2><span class=\"awb-title-spacer\"><\/span><div class=\"title-sep-container title-sep-container-right\"><div class=\"title-sep sep- sep-solid\" style=\"border-color:#e2e2e2;\"><\/div><\/div><\/div><div class=\"fusion-text fusion-text-1\" style=\"--awb-font-size:18px;--awb-letter-spacing:0px;--awb-text-transform:none;\"><p>W sali kinowej nr 2 Stargardzkiego Centrum Kultury prezentujemy filmy na nowoczesnym projektorze<br \/>\nA to wszystko dzi\u0119ki \u015brodkom pozyskanym z Polski Instytut Sztuki Filmowej.<br \/>\nStary sprz\u0119t by\u0142 ju\u017c mocno wyeksploatowany i wymaga\u0142 cz\u0119stych napraw.<\/p>\n<ul>\n<li>Koszt nowego projektowa wyni\u00f3s\u0142 <strong>240.880 z\u0142.<\/strong><\/li>\n<li>Dofinansowanie PISF na rozw\u00f3j i dzia\u0142alno\u015b\u0107 kina to kwota <strong>210.500 z\u0142<\/strong><\/li>\n<li>Brakuj\u0105c\u0105 sum\u0119 na wk\u0142ad w\u0142asny (30.380 z\u0142) przekaza\u0142 Prezydent Miasta &#8211; Rafa\u0142 Zaj\u0105c, z bud\u017cetu Miasta Stargard &#8211; po pozytywnym przyj\u0119ciu uchwa\u0142y przez Rad\u0119 Miejsk\u0105.<\/li>\n<\/ul>\n<p>Zakupiony projektor charakteryzuje si\u0119 jasnym i wyra\u017anym obrazem. Nie bez znaczenia s\u0105 tak\u017ce energooszcz\u0119dno\u015b\u0107 i niska emisja ciep\u0142a, mo\u017cliwe dzi\u0119ki nowoczesnemu uk\u0142adowi zasilania oraz \u017cywotno\u015bci \u017ar\u00f3d\u0142a \u015bwiat\u0142a, kt\u00f3ra wg. danych od producenta wynosi a\u017c 40.000 godzin. Opr\u00f3cz braku konieczno\u015bci wymiany lamp ksenonowych, nowy projektor znacznie obni\u017cy zu\u017cycie energii elektrycznej &#8211; w por\u00f3wnaniu do poprzednika a\u017c o ponad 40%.<\/p>\n<p>Dzi\u0119ki wsparciu z PISF i Miasta Stargard zyskali\u015bmy w Kinie SCK najnowsz\u0105 technologi\u0119 obrazu.<\/p>\n<\/div><\/div><\/div><div class=\"fusion-layout-column fusion_builder_column fusion-builder-column-1 fusion_builder_column_1_3 1_3 fusion-flex-column\" style=\"--awb-bg-size:cover;--awb-width-large:33.333333333333%;--awb-margin-top-large:0px;--awb-spacing-right-large:5.76%;--awb-margin-bottom-large:20px;--awb-spacing-left-large:5.76%;--awb-width-medium:100%;--awb-order-medium:0;--awb-spacing-right-medium:1.92%;--awb-spacing-left-medium:1.92%;--awb-width-small:100%;--awb-order-small:0;--awb-spacing-right-small:1.92%;--awb-spacing-left-small:1.92%;\"><div class=\"fusion-column-wrapper fusion-column-has-shadow fusion-flex-justify-content-flex-start fusion-content-layout-column\"><div class=\"fusion-image-element \" style=\"--awb-caption-title-font-family:var(--h2_typography-font-family);--awb-caption-title-font-weight:var(--h2_typography-font-weight);--awb-caption-title-font-style:var(--h2_typography-font-style);--awb-caption-title-size:var(--h2_typography-font-size);--awb-caption-title-transform:var(--h2_typography-text-transform);--awb-caption-title-line-height:var(--h2_typography-line-height);--awb-caption-title-letter-spacing:var(--h2_typography-letter-spacing);--awb-filter:brightness(100%);--awb-filter-transition:filter 0.3s ease;--awb-filter-hover:brightness(110%);\"><span class=\" fusion-imageframe imageframe-none imageframe-1 hover-type-zoomin\" style=\"border-radius:8px;\"><a href=\"https:\/\/sck.stargard.pl\/wp-content\/uploads\/2021\/12\/nowy-projektor1.jpeg\" class=\"fusion-lightbox\" data-rel=\"iLightbox[7b6a497507d2c6cb351]\" data-title=\"nowy projektor\" title=\"nowy projektor\"><img decoding=\"async\" width=\"960\" height=\"1280\" src=\"https:\/\/sck.stargard.pl\/wp-content\/uploads\/2021\/12\/nowy-projektor1.jpeg\" data-orig-src=\"https:\/\/sck.stargard.pl\/wp-content\/uploads\/2021\/12\/nowy-projektor1.jpeg\" alt class=\"lazyload img-responsive wp-image-7576\" srcset=\"data:image\/svg+xml,%3Csvg%20xmlns%3D%27http%3A%2F%2Fwww.w3.org%2F2000%2Fsvg%27%20width%3D%27960%27%20height%3D%271280%27%20viewBox%3D%270%200%20960%201280%27%3E%3Crect%20width%3D%27960%27%20height%3D%271280%27%20fill-opacity%3D%220%22%2F%3E%3C%2Fsvg%3E\" data-srcset=\"https:\/\/sck.stargard.pl\/wp-content\/uploads\/2021\/12\/nowy-projektor1-800x1067.jpeg 800w, https:\/\/sck.stargard.pl\/wp-content\/uploads\/2021\/12\/nowy-projektor1.jpeg 960w\" data-sizes=\"auto\" data-orig-sizes=\"(max-width: 1150px) 100vw, (max-width: 640px) 100vw, 960px\" \/><\/a><\/span><\/div><\/div><\/div><div class=\"fusion-layout-column fusion_builder_column fusion-builder-column-2 fusion_builder_column_1_3 1_3 fusion-flex-column\" style=\"--awb-bg-size:cover;--awb-width-large:33.333333333333%;--awb-margin-top-large:0px;--awb-spacing-right-large:5.76%;--awb-margin-bottom-large:20px;--awb-spacing-left-large:5.76%;--awb-width-medium:100%;--awb-order-medium:0;--awb-spacing-right-medium:1.92%;--awb-spacing-left-medium:1.92%;--awb-width-small:100%;--awb-order-small:0;--awb-spacing-right-small:1.92%;--awb-spacing-left-small:1.92%;\"><div class=\"fusion-column-wrapper fusion-column-has-shadow fusion-flex-justify-content-flex-start fusion-content-layout-column\"><div class=\"fusion-image-element \" style=\"--awb-caption-title-font-family:var(--h2_typography-font-family);--awb-caption-title-font-weight:var(--h2_typography-font-weight);--awb-caption-title-font-style:var(--h2_typography-font-style);--awb-caption-title-size:var(--h2_typography-font-size);--awb-caption-title-transform:var(--h2_typography-text-transform);--awb-caption-title-line-height:var(--h2_typography-line-height);--awb-caption-title-letter-spacing:var(--h2_typography-letter-spacing);--awb-filter:brightness(110%);--awb-filter-transition:filter 0.3s ease;--awb-filter-hover:brightness(100%);\"><span class=\" fusion-imageframe imageframe-none imageframe-2 hover-type-zoomin\" style=\"border-radius:8px;\"><a href=\"https:\/\/sck.stargard.pl\/wp-content\/uploads\/2021\/12\/nowy-projektor3.jpeg\" class=\"fusion-lightbox\" data-rel=\"iLightbox[a74739ffd5b873a4415]\" data-title=\"nowy-projektor3\" title=\"nowy-projektor3\"><img decoding=\"async\" width=\"955\" height=\"1242\" src=\"https:\/\/sck.stargard.pl\/wp-content\/uploads\/2021\/12\/nowy-projektor3.jpeg\" data-orig-src=\"https:\/\/sck.stargard.pl\/wp-content\/uploads\/2021\/12\/nowy-projektor3.jpeg\" alt class=\"lazyload img-responsive wp-image-7578\" srcset=\"data:image\/svg+xml,%3Csvg%20xmlns%3D%27http%3A%2F%2Fwww.w3.org%2F2000%2Fsvg%27%20width%3D%27955%27%20height%3D%271242%27%20viewBox%3D%270%200%20955%201242%27%3E%3Crect%20width%3D%27955%27%20height%3D%271242%27%20fill-opacity%3D%220%22%2F%3E%3C%2Fsvg%3E\" data-srcset=\"https:\/\/sck.stargard.pl\/wp-content\/uploads\/2021\/12\/nowy-projektor3-800x1040.jpeg 800w, https:\/\/sck.stargard.pl\/wp-content\/uploads\/2021\/12\/nowy-projektor3.jpeg 955w\" data-sizes=\"auto\" data-orig-sizes=\"(max-width: 1150px) 100vw, (max-width: 640px) 100vw, 955px\" \/><\/a><\/span><\/div><\/div><\/div><div class=\"fusion-layout-column fusion_builder_column fusion-builder-column-3 fusion_builder_column_1_3 1_3 fusion-flex-column\" style=\"--awb-bg-size:cover;--awb-width-large:33.333333333333%;--awb-margin-top-large:0px;--awb-spacing-right-large:5.76%;--awb-margin-bottom-large:20px;--awb-spacing-left-large:5.76%;--awb-width-medium:100%;--awb-order-medium:0;--awb-spacing-right-medium:1.92%;--awb-spacing-left-medium:1.92%;--awb-width-small:100%;--awb-order-small:0;--awb-spacing-right-small:1.92%;--awb-spacing-left-small:1.92%;\"><div class=\"fusion-column-wrapper fusion-column-has-shadow fusion-flex-justify-content-flex-start fusion-content-layout-column\"><div class=\"fusion-image-element \" style=\"--awb-caption-title-font-family:var(--h2_typography-font-family);--awb-caption-title-font-weight:var(--h2_typography-font-weight);--awb-caption-title-font-style:var(--h2_typography-font-style);--awb-caption-title-size:var(--h2_typography-font-size);--awb-caption-title-transform:var(--h2_typography-text-transform);--awb-caption-title-line-height:var(--h2_typography-line-height);--awb-caption-title-letter-spacing:var(--h2_typography-letter-spacing);--awb-filter:brightness(110%);--awb-filter-transition:filter 0.3s ease;--awb-filter-hover:brightness(100%);\"><span class=\" fusion-imageframe imageframe-none imageframe-3 hover-type-zoomin\" style=\"border-radius:8px;\"><a href=\"https:\/\/sck.stargard.pl\/wp-content\/uploads\/2021\/12\/nowy-projektor2.png\" class=\"fusion-lightbox\" data-rel=\"iLightbox[a920c22a507f8b85c95]\" data-title=\"nowy-projektor2\" title=\"nowy-projektor2\"><img decoding=\"async\" width=\"800\" height=\"671\" src=\"data:image\/svg+xml,%3Csvg%20xmlns%3D%27http%3A%2F%2Fwww.w3.org%2F2000%2Fsvg%27%20width%3D%27800%27%20height%3D%27671%27%20viewBox%3D%270%200%20800%20671%27%3E%3Crect%20width%3D%27800%27%20height%3D%27671%27%20fill-opacity%3D%220%22%2F%3E%3C%2Fsvg%3E\" data-orig-src=\"https:\/\/sck.stargard.pl\/wp-content\/uploads\/2021\/12\/nowy-projektor2.png\" alt class=\"lazyload img-responsive wp-image-7577\"\/><\/a><\/span><\/div><\/div><\/div><\/div><\/div><div class=\"fusion-fullwidth fullwidth-box fusion-builder-row-2 fusion-flex-container nonhundred-percent-fullwidth non-hundred-percent-height-scrolling\" style=\"--awb-border-sizes-top:0px;--awb-border-sizes-bottom:0px;--awb-border-sizes-left:0px;--awb-border-sizes-right:0px;--awb-border-radius-top-left:0px;--awb-border-radius-top-right:0px;--awb-border-radius-bottom-right:0px;--awb-border-radius-bottom-left:0px;--awb-padding-top:0px;--awb-padding-bottom:20px;--awb-margin-top:0px;--awb-margin-bottom:0px;--awb-flex-wrap:wrap;\" ><div class=\"fusion-builder-row fusion-row fusion-flex-align-items-flex-start fusion-flex-content-wrap\" style=\"max-width:1352px;margin-left: calc(-4% \/ 2 );margin-right: calc(-4% \/ 2 );\"><div class=\"fusion-layout-column fusion_builder_column fusion-builder-column-4 fusion_builder_column_1_1 1_1 fusion-flex-column\" style=\"--awb-bg-size:cover;--awb-width-large:100%;--awb-margin-top-large:20px;--awb-spacing-right-large:1.92%;--awb-margin-bottom-large:20px;--awb-spacing-left-large:1.92%;--awb-width-medium:100%;--awb-order-medium:0;--awb-spacing-right-medium:1.92%;--awb-spacing-left-medium:1.92%;--awb-width-small:100%;--awb-order-small:0;--awb-spacing-right-small:1.92%;--awb-spacing-left-small:1.92%;\"><div class=\"fusion-column-wrapper fusion-column-has-shadow fusion-flex-justify-content-flex-start fusion-content-layout-column\"><div class=\"fusion-separator fusion-full-width-sep\" style=\"align-self: center;margin-left: auto;margin-right: auto;margin-bottom:20px;width:100%;\"><div class=\"fusion-separator-border sep-single sep-dotted\" style=\"--awb-height:20px;--awb-amount:20px;--awb-sep-color:var(--awb-custom18);border-color:var(--awb-custom18);border-top-width:3px;\"><\/div><\/div><div class=\"fusion-title title fusion-title-2 fusion-title-text fusion-title-size-two\" style=\"--awb-margin-top-small:0px;--awb-margin-bottom-small:20px;\"><div class=\"title-sep-container title-sep-container-left fusion-no-large-visibility fusion-no-medium-visibility fusion-no-small-visibility\"><div class=\"title-sep sep- sep-solid\" style=\"border-color:#e2e2e2;\"><\/div><\/div><span class=\"awb-title-spacer fusion-no-large-visibility fusion-no-medium-visibility fusion-no-small-visibility\"><\/span><h2 class=\"fusion-title-heading title-heading-left fusion-responsive-typography-calculated\" style=\"margin:0;--fontSize:36;line-height:1.2;\">Dofinansowania z Polskiego Instytutu Sztuki Filmowej w ramach Programu Operacyjnego Rozw\u00f3j Kin<\/h2><span class=\"awb-title-spacer\"><\/span><div class=\"title-sep-container title-sep-container-right\"><div class=\"title-sep sep- sep-solid\" style=\"border-color:#e2e2e2;\"><\/div><\/div><\/div><div class=\"fusion-text fusion-text-2\" style=\"--awb-font-size:18px;--awb-letter-spacing:0px;--awb-text-transform:none;\"><div>\n<div dir=\"auto\">Z przyjemno\u015bci\u0105 dzielimy si\u0119 informacj\u0105, \u017ce Stargardzkie Centrum Kultury otrzyma\u0142o pozytywn\u0105 decyzj\u0119 dotycz\u0105c\u0105 dofinansowania wniosku z\u0142o\u017conego do Polskiego Instytutu Sztuki Filmowej w ramach Programu Operacyjnego Rozw\u00f3j Kin.<\/div>\n<div dir=\"auto\">Przyznane \u015brodki pozwol\u0105 na refundacj\u0119 koszt\u00f3w zwi\u0105zanych z promocj\u0105 polskiego filmu.<\/div>\n<\/div>\n<div>\n<div dir=\"auto\"><\/div>\n<div dir=\"auto\">Ca\u0142kowity koszt zadania: <strong>208 638, 00 z\u0142<\/strong><\/div>\n<div dir=\"auto\">Przyznana warto\u015b\u0107 dofinansowania: <strong>180 000,00 z\u0142<\/strong><\/div>\n<\/div>\n<\/div><\/div><\/div><div class=\"fusion-layout-column fusion_builder_column fusion-builder-column-5 fusion_builder_column_1_3 1_3 fusion-flex-column\" style=\"--awb-bg-size:cover;--awb-width-large:33.333333333333%;--awb-margin-top-large:0px;--awb-spacing-right-large:5.76%;--awb-margin-bottom-large:20px;--awb-spacing-left-large:5.76%;--awb-width-medium:100%;--awb-order-medium:0;--awb-spacing-right-medium:1.92%;--awb-spacing-left-medium:1.92%;--awb-width-small:100%;--awb-order-small:0;--awb-spacing-right-small:1.92%;--awb-spacing-left-small:1.92%;\"><div class=\"fusion-column-wrapper fusion-column-has-shadow fusion-flex-justify-content-flex-start fusion-content-layout-column\"><div class=\"fusion-image-element \" style=\"--awb-caption-title-font-family:var(--h2_typography-font-family);--awb-caption-title-font-weight:var(--h2_typography-font-weight);--awb-caption-title-font-style:var(--h2_typography-font-style);--awb-caption-title-size:var(--h2_typography-font-size);--awb-caption-title-transform:var(--h2_typography-text-transform);--awb-caption-title-line-height:var(--h2_typography-line-height);--awb-caption-title-letter-spacing:var(--h2_typography-letter-spacing);--awb-filter:brightness(100%);--awb-filter-transition:filter 0.3s ease;--awb-filter-hover:brightness(110%);\"><span class=\" fusion-imageframe imageframe-none imageframe-4 hover-type-zoomin\" style=\"border-radius:8px;\"><a href=\"https:\/\/sck.stargard.pl\/wp-content\/uploads\/2021\/12\/PISF.png\" class=\"fusion-lightbox\" data-rel=\"iLightbox[7dccfb150143adcae46]\" data-title=\"PISF\" title=\"PISF\"><img decoding=\"async\" width=\"526\" height=\"526\" src=\"data:image\/svg+xml,%3Csvg%20xmlns%3D%27http%3A%2F%2Fwww.w3.org%2F2000%2Fsvg%27%20width%3D%27526%27%20height%3D%27526%27%20viewBox%3D%270%200%20526%20526%27%3E%3Crect%20width%3D%27526%27%20height%3D%27526%27%20fill-opacity%3D%220%22%2F%3E%3C%2Fsvg%3E\" data-orig-src=\"https:\/\/sck.stargard.pl\/wp-content\/uploads\/2021\/12\/PISF.png\" alt class=\"lazyload img-responsive wp-image-7579\"\/><\/a><\/span><\/div><\/div><\/div><\/div><\/div><div class=\"fusion-fullwidth fullwidth-box fusion-builder-row-3 fusion-flex-container nonhundred-percent-fullwidth non-hundred-percent-height-scrolling\" style=\"--awb-border-radius-top-left:0px;--awb-border-radius-top-right:0px;--awb-border-radius-bottom-right:0px;--awb-border-radius-bottom-left:0px;--awb-flex-wrap:wrap;\" ><div class=\"fusion-builder-row fusion-row fusion-flex-align-items-flex-start fusion-flex-content-wrap\" style=\"max-width:1352px;margin-left: calc(-4% \/ 2 );margin-right: calc(-4% \/ 2 );\"><div class=\"fusion-layout-column fusion_builder_column fusion-builder-column-6 fusion_builder_column_1_1 1_1 fusion-flex-column\" style=\"--awb-bg-size:cover;--awb-width-large:100%;--awb-margin-top-large:0px;--awb-spacing-right-large:1.92%;--awb-margin-bottom-large:20px;--awb-spacing-left-large:1.92%;--awb-width-medium:100%;--awb-order-medium:0;--awb-spacing-right-medium:1.92%;--awb-spacing-left-medium:1.92%;--awb-width-small:100%;--awb-order-small:0;--awb-spacing-right-small:1.92%;--awb-spacing-left-small:1.92%;\"><div class=\"fusion-column-wrapper fusion-column-has-shadow fusion-flex-justify-content-flex-start fusion-content-layout-column\"><div style=\"text-align:center;\"><a class=\"fusion-button button-flat button-large button-custom fusion-button-default button-1 fusion-button-default-span fusion-button-default-type\" style=\"--button_accent_color:#070a21;--button_border_color:#81ae20;--button_accent_hover_color:#070a21;--button_border_hover_color:#a70240;--button_border_width-top:8px;--button_border_width-right:8px;--button_border_width-bottom:8px;--button_border_width-left:8px;--button-border-radius-top-left:0;--button-border-radius-top-right:0;--button-border-radius-bottom-right:0;--button-border-radius-bottom-left:0;--button_gradient_top_color:rgba(255,255,255,0);--button_gradient_bottom_color:rgba(255,255,255,0);--button_gradient_top_color_hover:rgba(255,255,255,0);--button_gradient_bottom_color_hover:rgba(255,255,255,0);--button_text_transform:lowercase;--button_typography-letter-spacing:-1px;--button_typography-font-family:&quot;Montserrat&quot;;--button_typography-font-style:normal;--button_typography-font-weight:800;--button_margin-top:20px;\" target=\"_self\" href=\"https:\/\/sck.stargard.pl\/de\/projekte\/\"><span class=\"fusion-button-text awb-button__text awb-button__text--default\">wr\u00f3\u0107<\/span><\/a><\/div><\/div><\/div><\/div><\/div><\/p>\n","protected":false},"excerpt":{"rendered":"","protected":false},"author":1,"featured_media":7616,"parent":7880,"menu_order":0,"comment_status":"closed","ping_status":"closed","template":"","meta":{"_acf_changed":false,"footnotes":""},"class_list":["post-7906","page","type-page","status-publish","has-post-thumbnail","hentry"],"acf":[],"_links":{"self":[{"href":"https:\/\/sck.stargard.pl\/de\/wp-json\/wp\/v2\/pages\/7906","targetHints":{"allow":["GET"]}}],"collection":[{"href":"https:\/\/sck.stargard.pl\/de\/wp-json\/wp\/v2\/pages"}],"about":[{"href":"https:\/\/sck.stargard.pl\/de\/wp-json\/wp\/v2\/types\/page"}],"author":[{"embeddable":true,"href":"https:\/\/sck.stargard.pl\/de\/wp-json\/wp\/v2\/users\/1"}],"replies":[{"embeddable":true,"href":"https:\/\/sck.stargard.pl\/de\/wp-json\/wp\/v2\/comments?post=7906"}],"version-history":[{"count":2,"href":"https:\/\/sck.stargard.pl\/de\/wp-json\/wp\/v2\/pages\/7906\/revisions"}],"predecessor-version":[{"id":7908,"href":"https:\/\/sck.stargard.pl\/de\/wp-json\/wp\/v2\/pages\/7906\/revisions\/7908"}],"up":[{"embeddable":true,"href":"https:\/\/sck.stargard.pl\/de\/wp-json\/wp\/v2\/pages\/7880"}],"wp:featuredmedia":[{"embeddable":true,"href":"https:\/\/sck.stargard.pl\/de\/wp-json\/wp\/v2\/media\/7616"}],"wp:attachment":[{"href":"https:\/\/sck.stargard.pl\/de\/wp-json\/wp\/v2\/media?parent=7906"}],"curies":[{"name":"wp","href":"https:\/\/api.w.org\/{rel}","templated":true}]}}