{"id":7869,"date":"2021-12-16T17:42:43","date_gmt":"2021-12-16T16:42:43","guid":{"rendered":"https:\/\/sck.stargard.pl\/workshops\/ukulele\/"},"modified":"2022-04-19T13:25:18","modified_gmt":"2022-04-19T11:25:18","slug":"ukulele","status":"publish","type":"page","link":"https:\/\/sck.stargard.pl\/de\/workshops\/ukulele\/","title":{"rendered":"Ukulele"},"content":{"rendered":"<div class=\"fusion-fullwidth fullwidth-box fusion-builder-row-1 fusion-flex-container nonhundred-percent-fullwidth non-hundred-percent-height-scrolling\" style=\"--awb-border-radius-top-left:0px;--awb-border-radius-top-right:0px;--awb-border-radius-bottom-right:0px;--awb-border-radius-bottom-left:0px;--awb-padding-right:0px;--awb-padding-left:0px;--awb-margin-top:0px;--awb-margin-bottom:0px;--awb-flex-wrap:wrap;\" ><div class=\"fusion-builder-row fusion-row fusion-flex-align-items-flex-start fusion-flex-content-wrap\" style=\"max-width:1352px;margin-left: calc(-4% \/ 2 );margin-right: calc(-4% \/ 2 );\"><div class=\"fusion-layout-column fusion_builder_column fusion-builder-column-0 fusion_builder_column_3_5 3_5 fusion-flex-column\" style=\"--awb-bg-size:cover;--awb-width-large:60%;--awb-margin-top-large:0px;--awb-spacing-right-large:3.2%;--awb-margin-bottom-large:0px;--awb-spacing-left-large:3.2%;--awb-width-medium:100%;--awb-order-medium:0;--awb-spacing-right-medium:1.92%;--awb-spacing-left-medium:1.92%;--awb-width-small:100%;--awb-order-small:0;--awb-spacing-right-small:1.92%;--awb-spacing-left-small:1.92%;\"><div class=\"fusion-column-wrapper fusion-column-has-shadow fusion-flex-justify-content-flex-start fusion-content-layout-column\"><div class=\"fusion-text fusion-text-1\" style=\"--awb-text-transform:none;\"><p><strong><img decoding=\"async\" class=\"lazyload wp-image-4298 alignleft\" src=\"https:\/\/sck.stargard.pl\/wp-content\/uploads\/2021\/12\/SCK-pracownia-muzyczne.png\" data-orig-src=\"https:\/\/sck.stargard.pl\/wp-content\/uploads\/2021\/12\/SCK-pracownia-muzyczne.png\" alt=\"\" width=\"80\" height=\"80\" srcset=\"data:image\/svg+xml,%3Csvg%20xmlns%3D%27http%3A%2F%2Fwww.w3.org%2F2000%2Fsvg%27%20width%3D%2780%27%20height%3D%2780%27%20viewBox%3D%270%200%2080%2080%27%3E%3Crect%20width%3D%2780%27%20height%3D%2780%27%20fill-opacity%3D%220%22%2F%3E%3C%2Fsvg%3E\" data-srcset=\"https:\/\/sck.stargard.pl\/wp-content\/uploads\/2021\/12\/SCK-pracownia-muzyczne-800x800.png 800w, https:\/\/sck.stargard.pl\/wp-content\/uploads\/2021\/12\/SCK-pracownia-muzyczne.png 1024w\" data-sizes=\"auto\" data-orig-sizes=\"(max-width: 80px) 100vw, 80px\" \/><\/strong><\/p>\n<p>Ukulele f\u00fcr jeden! Jedem (unabh\u00e4ngig vom Alter) wird die M\u00f6glichkeit angeboten, gemeinsam mit Bartek Or\u0142owski mit Akukulele zu musizieren! Seine Workshops sind f\u00fcr Anf\u00e4nger gedacht, aber auch f\u00fcr diejenigen offen, die dieses Instrument schon kennen, es spielen oder mit seiner Begleitung singen.<\/p>\n<p>Die Ukulele ist klein, tragbar, anmutig und vielseitig. In der Kategorie der Mittel, mit denen man viele Ziele erreichen kann, ist sie in der Musikausbildung un\u00fcbertroffen. Sie ist ganz \u201ecool\u201c, aber gleichzeitig untersch\u00e4tzt, obwohl sie erm\u00f6glicht, in Musikm\u00e4ander tiefer einzutauchen und gute musikalische Basis zu bekommen. Ukulele spielen kann f\u00fcr Sch\u00fcler in jedem Alter eine Quelle gro\u00dfer Zufriedenheit sein.<\/p>\n<\/div><div class=\"fusion-title title fusion-title-1 fusion-title-text fusion-title-size-three\" style=\"--awb-margin-top:10px;--awb-margin-bottom:10px;--awb-margin-top-small:0px;--awb-margin-bottom-small:20px;--awb-font-size:24px;\"><div class=\"title-sep-container title-sep-container-left fusion-no-large-visibility fusion-no-medium-visibility fusion-no-small-visibility\"><div class=\"title-sep sep- sep-solid\" style=\"border-color:#e2e2e2;\"><\/div><\/div><span class=\"awb-title-spacer fusion-no-large-visibility fusion-no-medium-visibility fusion-no-small-visibility\"><\/span><h3 class=\"fusion-title-heading title-heading-left fusion-responsive-typography-calculated\" style=\"margin:0;font-size:1em;--fontSize:24;line-height:1.2;\">Dozent: Bartek &#8218;Orzeu&#8216; Or\u0142owski<\/h3><span class=\"awb-title-spacer\"><\/span><div class=\"title-sep-container title-sep-container-right\"><div class=\"title-sep sep- sep-solid\" style=\"border-color:#e2e2e2;\"><\/div><\/div><\/div><div class=\"fusion-text fusion-text-2\" style=\"--awb-font-size:16px;--awb-text-transform:none;\"><p>Er musiziert von Kindheit an. Die Ukulele hei\u00dft f\u00fcr ihn nicht nur seine Leidenschaft und seine Arbeit, sondern auch sein Weg zur Entspannung und Beruhigung. Er ist die erste Person in Polen, die sich der Gemeinschaft der von der James Hill Ukulele Initiative zertifizierten Ukulele-Lehrer anschloss. Die Aufnahmen im Studio, auf beiden Seiten des Studiotrennglases und gemeinsames Auftreten auf der B\u00fchne mit der Gruppe &#8222;Chorzy&#8220; (Kranke), geh\u00f6rt zu seiner langj\u00e4hrigen Erfahrung in der Arbeit mit Menschen und mit Sound. Manchmal ist er als Musikkomponist f\u00fcr Theater aktiv, h\u00e4ufiger jedoch als P\u00e4dagoge in der Arbeit mit Kindern und jungen Menschen. <strong>Er ist der Meinung, dass Musikmachen die Sache f\u00fcr jedermann ist.<\/strong><\/p>\n<\/div><div class=\"fusion-separator fusion-full-width-sep\" style=\"align-self: flex-start;margin-right:auto;margin-top:10px;margin-bottom:10px;width:100%;max-width:100%;\"><div class=\"fusion-separator-border sep-single sep-dotted\" style=\"--awb-height:20px;--awb-amount:20px;--awb-sep-color:#a70240;border-color:#a70240;border-top-width:5px;\"><\/div><\/div><ul style=\"--awb-size:18px;--awb-item-padding-top:0px;--awb-item-padding-bottom:0px;--awb-iconcolor:#070a21;--awb-textcolor:#a70240;--awb-line-height:30.6px;--awb-icon-width:30.6px;--awb-icon-height:30.6px;--awb-icon-margin:12.6px;--awb-content-margin:43.2px;\" class=\"fusion-checklist fusion-checklist-1 type-icons lista-pracownie\"><li class=\"fusion-li-item\" style=\"\"><span class=\"icon-wrapper circle-no\"><i class=\"fusion-li-icon fa-clock far\" aria-hidden=\"true\"><\/i><\/span><div class=\"fusion-li-item-content\">\n<p><strong>Unterricht und Anmeldung im Raum 04 SCK::<br \/>\n<\/strong>Samstag &#8211; 11:00 Uhr<\/p>\n<\/div><\/li><\/ul><\/div><\/div><div class=\"fusion-layout-column fusion_builder_column fusion-builder-column-1 fusion_builder_column_2_5 2_5 fusion-flex-column\" style=\"--awb-bg-size:cover;--awb-width-large:40%;--awb-margin-top-large:0px;--awb-spacing-right-large:4.8%;--awb-margin-bottom-large:0px;--awb-spacing-left-large:4.8%;--awb-width-medium:100%;--awb-order-medium:0;--awb-spacing-right-medium:1.92%;--awb-spacing-left-medium:1.92%;--awb-width-small:100%;--awb-order-small:0;--awb-spacing-right-small:1.92%;--awb-spacing-left-small:1.92%;\"><div class=\"fusion-column-wrapper fusion-column-has-shadow fusion-flex-justify-content-flex-start fusion-content-layout-column\"><div class=\"fusion-image-element \" style=\"--awb-margin-top-medium:30px;--awb-margin-top-small:30px;--awb-caption-title-font-family:var(--h2_typography-font-family);--awb-caption-title-font-weight:var(--h2_typography-font-weight);--awb-caption-title-font-style:var(--h2_typography-font-style);--awb-caption-title-size:var(--h2_typography-font-size);--awb-caption-title-transform:var(--h2_typography-text-transform);--awb-caption-title-line-height:var(--h2_typography-line-height);--awb-caption-title-letter-spacing:var(--h2_typography-letter-spacing);\"><span class=\" fusion-imageframe imageframe-none imageframe-1 hover-type-none\" style=\"border-radius:10px;\"><img decoding=\"async\" width=\"1024\" height=\"1277\" title=\"pracownia-ukulele-Bartek-Orlowski\" src=\"https:\/\/sck.stargard.pl\/wp-content\/uploads\/2021\/12\/pracownia-ukulele-Bartek-Orlowski.jpg\" data-orig-src=\"https:\/\/sck.stargard.pl\/wp-content\/uploads\/2021\/12\/pracownia-ukulele-Bartek-Orlowski.jpg\" alt class=\"lazyload img-responsive wp-image-7353\" srcset=\"data:image\/svg+xml,%3Csvg%20xmlns%3D%27http%3A%2F%2Fwww.w3.org%2F2000%2Fsvg%27%20width%3D%271024%27%20height%3D%271277%27%20viewBox%3D%270%200%201024%201277%27%3E%3Crect%20width%3D%271024%27%20height%3D%271277%27%20fill-opacity%3D%220%22%2F%3E%3C%2Fsvg%3E\" data-srcset=\"https:\/\/sck.stargard.pl\/wp-content\/uploads\/2021\/12\/pracownia-ukulele-Bartek-Orlowski-800x998.jpg 800w, https:\/\/sck.stargard.pl\/wp-content\/uploads\/2021\/12\/pracownia-ukulele-Bartek-Orlowski.jpg 1024w\" data-sizes=\"auto\" data-orig-sizes=\"(max-width: 1150px) 100vw, (max-width: 640px) 100vw, 1024px\" \/><\/span><\/div><\/div><\/div><div class=\"fusion-layout-column fusion_builder_column fusion-builder-column-2 fusion_builder_column_1_1 1_1 fusion-flex-column\" style=\"--awb-bg-size:cover;--awb-width-large:100%;--awb-margin-top-large:50px;--awb-spacing-right-large:1.92%;--awb-margin-bottom-large:20px;--awb-spacing-left-large:1.92%;--awb-width-medium:100%;--awb-order-medium:0;--awb-spacing-right-medium:1.92%;--awb-spacing-left-medium:1.92%;--awb-width-small:100%;--awb-order-small:0;--awb-spacing-right-small:1.92%;--awb-spacing-left-small:1.92%;\"><div class=\"fusion-column-wrapper fusion-column-has-shadow fusion-flex-justify-content-flex-start fusion-content-layout-column\"><div class=\"awb-gallery-wrapper awb-gallery-wrapper-1 button-span-no\"><div style=\"margin:-5px;--awb-bordersize:0px;--awb-border-radius:4px;\" class=\"fusion-gallery fusion-gallery-container fusion-grid-4 fusion-columns-total-4 fusion-gallery-layout-masonry fusion-gallery-1\"><div class=\"fusion-grid-column fusion-gallery-column fusion-gallery-column-4 hover-type-zoomin fusion-grid-sizer\"><\/div><div style=\"padding:5px;\" class=\"fusion-grid-column fusion-gallery-column fusion-gallery-column-4 hover-type-zoomin fusion-element-grid\"><div class=\"fusion-gallery-image\"><a href=\"https:\/\/sck.stargard.pl\/wp-content\/uploads\/2021\/12\/pracownia-ukulele-03.jpg\" rel=\"noreferrer\" data-rel=\"iLightbox[gallery_image_1]\" class=\"fusion-lightbox\" target=\"_self\"><div style=\"padding-top:calc((100% + 10px) * 0.8 - 5px);background-position:;\" class=\"fusion-masonry-element-container lazyload\" data-bg=\"https:\/\/sck.stargard.pl\/wp-content\/uploads\/2021\/12\/pracownia-ukulele-03.jpg\"><img decoding=\"async\" src=\"https:\/\/sck.stargard.pl\/wp-content\/uploads\/2021\/12\/pracownia-ukulele-03.jpg\" data-orig-src=\"https:\/\/sck.stargard.pl\/wp-content\/uploads\/2021\/12\/pracownia-ukulele-03.jpg\" width=\"1024\" height=\"1024\" alt=\"\" title=\"pracownia-ukulele-03\" aria-label=\"pracownia-ukulele-03\" class=\"lazyload img-responsive wp-image-4439\" srcset=\"data:image\/svg+xml,%3Csvg%20xmlns%3D%27http%3A%2F%2Fwww.w3.org%2F2000%2Fsvg%27%20width%3D%271024%27%20height%3D%271024%27%20viewBox%3D%270%200%201024%201024%27%3E%3Crect%20width%3D%271024%27%20height%3D%271024%27%20fill-opacity%3D%220%22%2F%3E%3C%2Fsvg%3E\" data-srcset=\"https:\/\/sck.stargard.pl\/wp-content\/uploads\/2021\/12\/pracownia-ukulele-03-800x800.jpg 800w, https:\/\/sck.stargard.pl\/wp-content\/uploads\/2021\/12\/pracownia-ukulele-03.jpg 1024w\" data-sizes=\"auto\" data-orig-sizes=\"(min-width: 2200px) 100vw, (min-width: 976px) 321px, (min-width: 864px) 428px, (min-width: 752px) 643px, (min-width: 640px) 752px, \" \/><\/div><\/a><\/div><\/div><div style=\"padding:5px;\" class=\"fusion-grid-column fusion-gallery-column fusion-gallery-column-4 hover-type-zoomin fusion-element-grid\"><div class=\"fusion-gallery-image\"><a href=\"https:\/\/sck.stargard.pl\/wp-content\/uploads\/2021\/12\/pracownia-ukulele-04.jpg\" rel=\"noreferrer\" data-rel=\"iLightbox[gallery_image_1]\" class=\"fusion-lightbox\" target=\"_self\"><div style=\"padding-top:calc((100% + 10px) * 0.8 - 5px);background-position:;\" class=\"fusion-masonry-element-container lazyload\" data-bg=\"https:\/\/sck.stargard.pl\/wp-content\/uploads\/2021\/12\/pracownia-ukulele-04.jpg\"><img decoding=\"async\" src=\"https:\/\/sck.stargard.pl\/wp-content\/uploads\/2021\/12\/pracownia-ukulele-04.jpg\" data-orig-src=\"https:\/\/sck.stargard.pl\/wp-content\/uploads\/2021\/12\/pracownia-ukulele-04.jpg\" width=\"1280\" height=\"1282\" alt=\"\" title=\"pracownia-ukulele-04\" aria-label=\"pracownia-ukulele-04\" class=\"lazyload img-responsive wp-image-4440\" srcset=\"data:image\/svg+xml,%3Csvg%20xmlns%3D%27http%3A%2F%2Fwww.w3.org%2F2000%2Fsvg%27%20width%3D%271280%27%20height%3D%271282%27%20viewBox%3D%270%200%201280%201282%27%3E%3Crect%20width%3D%271280%27%20height%3D%271282%27%20fill-opacity%3D%220%22%2F%3E%3C%2Fsvg%3E\" data-srcset=\"https:\/\/sck.stargard.pl\/wp-content\/uploads\/2021\/12\/pracownia-ukulele-04-800x801.jpg 800w, https:\/\/sck.stargard.pl\/wp-content\/uploads\/2021\/12\/pracownia-ukulele-04.jpg 1280w\" data-sizes=\"auto\" data-orig-sizes=\"(min-width: 2200px) 100vw, (min-width: 976px) 321px, (min-width: 864px) 428px, (min-width: 752px) 643px, (min-width: 640px) 752px, \" \/><\/div><\/a><\/div><\/div><div style=\"padding:5px;\" class=\"fusion-grid-column fusion-gallery-column fusion-gallery-column-4 hover-type-zoomin fusion-element-grid\"><div class=\"fusion-gallery-image\"><a href=\"https:\/\/sck.stargard.pl\/wp-content\/uploads\/2021\/12\/pracownia-ukulele-02.jpg\" rel=\"noreferrer\" data-rel=\"iLightbox[gallery_image_1]\" class=\"fusion-lightbox\" target=\"_self\"><div style=\"padding-top:calc((100% + 10px) * 0.8 - 5px);background-position:;\" class=\"fusion-masonry-element-container lazyload\" data-bg=\"https:\/\/sck.stargard.pl\/wp-content\/uploads\/2021\/12\/pracownia-ukulele-02.jpg\"><img decoding=\"async\" src=\"https:\/\/sck.stargard.pl\/wp-content\/uploads\/2021\/12\/pracownia-ukulele-02.jpg\" data-orig-src=\"https:\/\/sck.stargard.pl\/wp-content\/uploads\/2021\/12\/pracownia-ukulele-02.jpg\" width=\"1632\" height=\"1224\" alt=\"\" title=\"pracownia-ukulele-02\" aria-label=\"pracownia-ukulele-02\" class=\"lazyload img-responsive wp-image-4438\" srcset=\"data:image\/svg+xml,%3Csvg%20xmlns%3D%27http%3A%2F%2Fwww.w3.org%2F2000%2Fsvg%27%20width%3D%271632%27%20height%3D%271224%27%20viewBox%3D%270%200%201632%201224%27%3E%3Crect%20width%3D%271632%27%20height%3D%271224%27%20fill-opacity%3D%220%22%2F%3E%3C%2Fsvg%3E\" data-srcset=\"https:\/\/sck.stargard.pl\/wp-content\/uploads\/2021\/12\/pracownia-ukulele-02-800x600.jpg 800w, https:\/\/sck.stargard.pl\/wp-content\/uploads\/2021\/12\/pracownia-ukulele-02.jpg 1632w\" data-sizes=\"auto\" data-orig-sizes=\"(min-width: 2200px) 100vw, (min-width: 976px) 321px, (min-width: 864px) 428px, (min-width: 752px) 643px, (min-width: 640px) 752px, \" \/><\/div><\/a><\/div><\/div><div style=\"padding:5px;\" class=\"fusion-grid-column fusion-gallery-column fusion-gallery-column-4 hover-type-zoomin fusion-element-grid\"><div class=\"fusion-gallery-image\"><a href=\"https:\/\/sck.stargard.pl\/wp-content\/uploads\/2021\/12\/pracownia-ukulele-01.jpg\" rel=\"noreferrer\" data-rel=\"iLightbox[gallery_image_1]\" class=\"fusion-lightbox\" target=\"_self\"><div style=\"padding-top:calc((100% + 10px) * 0.8 - 5px);background-position:;\" class=\"fusion-masonry-element-container lazyload\" data-bg=\"https:\/\/sck.stargard.pl\/wp-content\/uploads\/2021\/12\/pracownia-ukulele-01.jpg\"><img decoding=\"async\" src=\"https:\/\/sck.stargard.pl\/wp-content\/uploads\/2021\/12\/pracownia-ukulele-01.jpg\" data-orig-src=\"https:\/\/sck.stargard.pl\/wp-content\/uploads\/2021\/12\/pracownia-ukulele-01.jpg\" width=\"1280\" height=\"854\" alt=\"\" title=\"pracownia-ukulele-01\" aria-label=\"pracownia-ukulele-01\" class=\"lazyload img-responsive wp-image-4437\" srcset=\"data:image\/svg+xml,%3Csvg%20xmlns%3D%27http%3A%2F%2Fwww.w3.org%2F2000%2Fsvg%27%20width%3D%271280%27%20height%3D%27854%27%20viewBox%3D%270%200%201280%20854%27%3E%3Crect%20width%3D%271280%27%20height%3D%27854%27%20fill-opacity%3D%220%22%2F%3E%3C%2Fsvg%3E\" data-srcset=\"https:\/\/sck.stargard.pl\/wp-content\/uploads\/2021\/12\/pracownia-ukulele-01-800x534.jpg 800w, https:\/\/sck.stargard.pl\/wp-content\/uploads\/2021\/12\/pracownia-ukulele-01.jpg 1280w\" data-sizes=\"auto\" data-orig-sizes=\"(min-width: 2200px) 100vw, (min-width: 976px) 321px, (min-width: 864px) 428px, (min-width: 752px) 643px, (min-width: 640px) 752px, \" \/><\/div><\/a><\/div><\/div><\/div><\/div><div class=\"fusion-image-element \" style=\"text-align:center;--awb-margin-top:30px;--awb-margin-bottom:30px;--awb-margin-top-medium:30px;--awb-margin-top-small:30px;--awb-max-width:300px;--awb-caption-title-font-family:var(--h2_typography-font-family);--awb-caption-title-font-weight:var(--h2_typography-font-weight);--awb-caption-title-font-style:var(--h2_typography-font-style);--awb-caption-title-size:var(--h2_typography-font-size);--awb-caption-title-transform:var(--h2_typography-text-transform);--awb-caption-title-line-height:var(--h2_typography-line-height);--awb-caption-title-letter-spacing:var(--h2_typography-letter-spacing);\"><span class=\" fusion-imageframe imageframe-none imageframe-2 hover-type-none\" style=\"border-radius:10px;\"><a class=\"fusion-no-lightbox\" href=\"https:\/\/akukulele.pl\/\" target=\"_blank\" aria-label=\"akukulelepl\" rel=\"noopener noreferrer\"><img decoding=\"async\" width=\"1062\" height=\"925\" alt=\"Akukulele.pl\" src=\"https:\/\/sck.stargard.pl\/wp-content\/uploads\/2021\/12\/akukulelepl.png\" data-orig-src=\"https:\/\/sck.stargard.pl\/wp-content\/uploads\/2021\/12\/akukulelepl.png\" class=\"lazyload img-responsive wp-image-7348\" srcset=\"data:image\/svg+xml,%3Csvg%20xmlns%3D%27http%3A%2F%2Fwww.w3.org%2F2000%2Fsvg%27%20width%3D%271062%27%20height%3D%27925%27%20viewBox%3D%270%200%201062%20925%27%3E%3Crect%20width%3D%271062%27%20height%3D%27925%27%20fill-opacity%3D%220%22%2F%3E%3C%2Fsvg%3E\" data-srcset=\"https:\/\/sck.stargard.pl\/wp-content\/uploads\/2021\/12\/akukulelepl-800x697.png 800w, https:\/\/sck.stargard.pl\/wp-content\/uploads\/2021\/12\/akukulelepl.png 1062w\" data-sizes=\"auto\" data-orig-sizes=\"(max-width: 1150px) 100vw, (max-width: 640px) 100vw, 1062px\" \/><\/a><\/span><\/div><\/div><\/div><div class=\"fusion-layout-column fusion_builder_column fusion-builder-column-3 fusion_builder_column_1_1 1_1 fusion-flex-column\" style=\"--awb-bg-size:cover;--awb-width-large:100%;--awb-margin-top-large:50px;--awb-spacing-right-large:1.92%;--awb-margin-bottom-large:20px;--awb-spacing-left-large:1.92%;--awb-width-medium:100%;--awb-order-medium:0;--awb-spacing-right-medium:1.92%;--awb-spacing-left-medium:1.92%;--awb-width-small:100%;--awb-order-small:0;--awb-spacing-right-small:1.92%;--awb-spacing-left-small:1.92%;\"><div class=\"fusion-column-wrapper fusion-column-has-shadow fusion-flex-justify-content-flex-start fusion-content-layout-column\"><div style=\"text-align:center;\"><a class=\"fusion-button button-flat button-large button-custom fusion-button-default button-1 fusion-button-default-span fusion-button-default-type\" style=\"--button_accent_color:#070a21;--button_border_color:#81ae20;--button_accent_hover_color:#070a21;--button_border_hover_color:#a70240;--button_border_width-top:8px;--button_border_width-right:8px;--button_border_width-bottom:8px;--button_border_width-left:8px;--button-border-radius-top-left:0;--button-border-radius-top-right:0;--button-border-radius-bottom-right:0;--button-border-radius-bottom-left:0;--button_gradient_top_color:rgba(255,255,255,0);--button_gradient_bottom_color:rgba(255,255,255,0);--button_gradient_top_color_hover:rgba(255,255,255,0);--button_gradient_bottom_color_hover:rgba(255,255,255,0);--button_text_transform:lowercase;--button_typography-letter-spacing:-1px;--button_typography-font-family:&quot;Montserrat&quot;;--button_typography-font-style:normal;--button_typography-font-weight:800;\" target=\"_self\" href=\"https:\/\/sck.stargard.pl\/de\/workshops\/\"><span class=\"fusion-button-text awb-button__text awb-button__text--default\">zur\u00fcck<\/span><\/a><\/div><\/div><\/div><\/div><\/div>\n","protected":false},"excerpt":{"rendered":"","protected":false},"author":1,"featured_media":7354,"parent":7845,"menu_order":0,"comment_status":"closed","ping_status":"closed","template":"","meta":{"_acf_changed":false,"footnotes":""},"class_list":["post-7869","page","type-page","status-publish","has-post-thumbnail","hentry"],"acf":[],"_links":{"self":[{"href":"https:\/\/sck.stargard.pl\/de\/wp-json\/wp\/v2\/pages\/7869","targetHints":{"allow":["GET"]}}],"collection":[{"href":"https:\/\/sck.stargard.pl\/de\/wp-json\/wp\/v2\/pages"}],"about":[{"href":"https:\/\/sck.stargard.pl\/de\/wp-json\/wp\/v2\/types\/page"}],"author":[{"embeddable":true,"href":"https:\/\/sck.stargard.pl\/de\/wp-json\/wp\/v2\/users\/1"}],"replies":[{"embeddable":true,"href":"https:\/\/sck.stargard.pl\/de\/wp-json\/wp\/v2\/comments?post=7869"}],"version-history":[{"count":3,"href":"https:\/\/sck.stargard.pl\/de\/wp-json\/wp\/v2\/pages\/7869\/revisions"}],"predecessor-version":[{"id":8055,"href":"https:\/\/sck.stargard.pl\/de\/wp-json\/wp\/v2\/pages\/7869\/revisions\/8055"}],"up":[{"embeddable":true,"href":"https:\/\/sck.stargard.pl\/de\/wp-json\/wp\/v2\/pages\/7845"}],"wp:featuredmedia":[{"embeddable":true,"href":"https:\/\/sck.stargard.pl\/de\/wp-json\/wp\/v2\/media\/7354"}],"wp:attachment":[{"href":"https:\/\/sck.stargard.pl\/de\/wp-json\/wp\/v2\/media?parent=7869"}],"curies":[{"name":"wp","href":"https:\/\/api.w.org\/{rel}","templated":true}]}}