{"id":7863,"date":"2021-12-16T18:07:39","date_gmt":"2021-12-16T17:07:39","guid":{"rendered":"https:\/\/sck.stargard.pl\/workshops\/tanzworkshop\/"},"modified":"2022-04-19T13:23:04","modified_gmt":"2022-04-19T11:23:04","slug":"tanzworkshop","status":"publish","type":"page","link":"https:\/\/sck.stargard.pl\/de\/workshops\/tanzworkshop\/","title":{"rendered":"Tanzworkshop"},"content":{"rendered":"<div class=\"fusion-fullwidth fullwidth-box fusion-builder-row-1 fusion-flex-container nonhundred-percent-fullwidth non-hundred-percent-height-scrolling\" style=\"--awb-border-radius-top-left:0px;--awb-border-radius-top-right:0px;--awb-border-radius-bottom-right:0px;--awb-border-radius-bottom-left:0px;--awb-padding-right:0px;--awb-padding-left:0px;--awb-margin-top:0px;--awb-margin-bottom:0px;--awb-flex-wrap:wrap;\" ><div class=\"fusion-builder-row fusion-row fusion-flex-align-items-flex-start fusion-flex-content-wrap\" style=\"max-width:1352px;margin-left: calc(-4% \/ 2 );margin-right: calc(-4% \/ 2 );\"><div class=\"fusion-layout-column fusion_builder_column fusion-builder-column-0 fusion_builder_column_3_5 3_5 fusion-flex-column\" style=\"--awb-bg-size:cover;--awb-width-large:60%;--awb-margin-top-large:0px;--awb-spacing-right-large:3.2%;--awb-margin-bottom-large:0px;--awb-spacing-left-large:3.2%;--awb-width-medium:100%;--awb-order-medium:0;--awb-spacing-right-medium:1.92%;--awb-spacing-left-medium:1.92%;--awb-width-small:100%;--awb-order-small:0;--awb-spacing-right-small:1.92%;--awb-spacing-left-small:1.92%;\"><div class=\"fusion-column-wrapper fusion-column-has-shadow fusion-flex-justify-content-flex-start fusion-content-layout-column\"><div class=\"fusion-text fusion-text-1\" style=\"--awb-text-transform:none;\"><p><strong><img decoding=\"async\" class=\"lazyload wp-image-4301 alignleft\" src=\"https:\/\/sck.stargard.pl\/wp-content\/uploads\/2021\/12\/SCK-pracownia-taneczne_v2.png\" data-orig-src=\"https:\/\/sck.stargard.pl\/wp-content\/uploads\/2021\/12\/SCK-pracownia-taneczne_v2.png\" alt=\"\" width=\"80\" height=\"80\" srcset=\"data:image\/svg+xml,%3Csvg%20xmlns%3D%27http%3A%2F%2Fwww.w3.org%2F2000%2Fsvg%27%20width%3D%2780%27%20height%3D%2780%27%20viewBox%3D%270%200%2080%2080%27%3E%3Crect%20width%3D%2780%27%20height%3D%2780%27%20fill-opacity%3D%220%22%2F%3E%3C%2Fsvg%3E\" data-srcset=\"https:\/\/sck.stargard.pl\/wp-content\/uploads\/2021\/12\/SCK-pracownia-taneczne_v2-800x800.png 800w, https:\/\/sck.stargard.pl\/wp-content\/uploads\/2021\/12\/SCK-pracownia-taneczne_v2.png 1024w\" data-sizes=\"auto\" data-orig-sizes=\"(max-width: 80px) 100vw, 80px\" \/><\/strong>Tanzworkshop (Dancehall) 10 +:<br \/>\nDancehall ist eine dynamische Art Tanz mit Elementen der Akrobatik. W\u00e4hrend des kollektiven Showtanzes werden auch Solot\u00e4nze dargestellt. Workshops werden f\u00fcr zwei Gruppen angeboten: f\u00fcr Anf\u00e4nger und Fortgeschrittene. Man wechselt die Gruppe je nach dem Fortschritt. Pr\u00e4sentiert wird der Tanz bei Veranstaltungen und Kulturvorhaben in SCK .<\/p>\n<\/div><div class=\"fusion-title title fusion-title-1 fusion-title-text fusion-title-size-three\" style=\"--awb-margin-top:10px;--awb-margin-bottom:10px;--awb-margin-top-small:0px;--awb-margin-bottom-small:20px;--awb-font-size:24px;\"><div class=\"title-sep-container title-sep-container-left fusion-no-large-visibility fusion-no-medium-visibility fusion-no-small-visibility\"><div class=\"title-sep sep- sep-solid\" style=\"border-color:#e2e2e2;\"><\/div><\/div><span class=\"awb-title-spacer fusion-no-large-visibility fusion-no-medium-visibility fusion-no-small-visibility\"><\/span><h3 class=\"fusion-title-heading title-heading-left fusion-responsive-typography-calculated\" style=\"margin:0;font-size:1em;--fontSize:24;line-height:1.2;\">Dozentin: Oliwia Wo\u017aniak<\/h3><span class=\"awb-title-spacer\"><\/span><div class=\"title-sep-container title-sep-container-right\"><div class=\"title-sep sep- sep-solid\" style=\"border-color:#e2e2e2;\"><\/div><\/div><\/div><div class=\"fusion-text fusion-text-2\" style=\"--awb-font-size:16px;--awb-text-transform:none;\"><p>T\u00e4nzerin, Choreografin eigener Tanzformationen, Expertin f\u00fcr den Dancehall-Stil \u2013 sie unterrichtet, indem sie tanzt\u2026<\/p>\n<\/div><div class=\"fusion-separator fusion-full-width-sep\" style=\"align-self: flex-start;margin-right:auto;margin-top:10px;margin-bottom:10px;width:100%;max-width:100%;\"><div class=\"fusion-separator-border sep-single sep-dotted\" style=\"--awb-height:20px;--awb-amount:20px;--awb-sep-color:#a70240;border-color:#a70240;border-top-width:5px;\"><\/div><\/div><ul style=\"--awb-size:18px;--awb-item-padding-top:0px;--awb-item-padding-bottom:0px;--awb-iconcolor:#070a21;--awb-textcolor:#a70240;--awb-line-height:30.6px;--awb-icon-width:30.6px;--awb-icon-height:30.6px;--awb-icon-margin:12.6px;--awb-content-margin:43.2px;\" class=\"fusion-checklist fusion-checklist-1 type-icons lista-pracownie\"><li class=\"fusion-li-item\" style=\"\"><span class=\"icon-wrapper circle-no\"><i class=\"fusion-li-icon fa-clock far\" aria-hidden=\"true\"><\/i><\/span><div class=\"fusion-li-item-content\">\n<pre id=\"tw-target-text\" class=\"tw-data-text tw-text-large tw-ta\" dir=\"ltr\" data-placeholder=\"T\u0142umaczenie\"><span class=\"Y2IQFc\" lang=\"de\"><strong>Unterricht und Anmeldung im Ballettsaal des SCK<\/strong>:\r\n<\/span>Dienstag - 16:30 - 17:30\r\nDienstag - 17:45 - 18:45\r\nDonnerstag - 17:00 - 18:30<\/pre>\n<\/div><\/li><\/ul><\/div><\/div><div class=\"fusion-layout-column fusion_builder_column fusion-builder-column-1 fusion_builder_column_2_5 2_5 fusion-flex-column\" style=\"--awb-bg-size:cover;--awb-width-large:40%;--awb-margin-top-large:0px;--awb-spacing-right-large:4.8%;--awb-margin-bottom-large:0px;--awb-spacing-left-large:4.8%;--awb-width-medium:100%;--awb-order-medium:0;--awb-spacing-right-medium:1.92%;--awb-spacing-left-medium:1.92%;--awb-width-small:100%;--awb-order-small:0;--awb-spacing-right-small:1.92%;--awb-spacing-left-small:1.92%;\"><div class=\"fusion-column-wrapper fusion-column-has-shadow fusion-flex-justify-content-flex-start fusion-content-layout-column\"><div class=\"fusion-image-element \" style=\"--awb-margin-top-medium:30px;--awb-margin-top-small:30px;--awb-caption-title-font-family:var(--h2_typography-font-family);--awb-caption-title-font-weight:var(--h2_typography-font-weight);--awb-caption-title-font-style:var(--h2_typography-font-style);--awb-caption-title-size:var(--h2_typography-font-size);--awb-caption-title-transform:var(--h2_typography-text-transform);--awb-caption-title-line-height:var(--h2_typography-line-height);--awb-caption-title-letter-spacing:var(--h2_typography-letter-spacing);\"><span class=\" fusion-imageframe imageframe-none imageframe-1 hover-type-none\" style=\"border-radius:10px;\"><a href=\"https:\/\/sck.stargard.pl\/wp-content\/uploads\/2021\/12\/pracownia-taneczna-dancehall-sck.jpg\" class=\"fusion-lightbox\" data-rel=\"iLightbox[33eebe1f8a2dd607cfb]\" data-title=\"pracownia-taneczna-dancehall-sck\" title=\"pracownia-taneczna-dancehall-sck\"><img decoding=\"async\" width=\"1280\" height=\"853\" src=\"https:\/\/sck.stargard.pl\/wp-content\/uploads\/2021\/12\/pracownia-taneczna-dancehall-sck.jpg\" data-orig-src=\"https:\/\/sck.stargard.pl\/wp-content\/uploads\/2021\/12\/pracownia-taneczna-dancehall-sck.jpg\" alt class=\"lazyload img-responsive wp-image-7356\" srcset=\"data:image\/svg+xml,%3Csvg%20xmlns%3D%27http%3A%2F%2Fwww.w3.org%2F2000%2Fsvg%27%20width%3D%271280%27%20height%3D%27853%27%20viewBox%3D%270%200%201280%20853%27%3E%3Crect%20width%3D%271280%27%20height%3D%27853%27%20fill-opacity%3D%220%22%2F%3E%3C%2Fsvg%3E\" data-srcset=\"https:\/\/sck.stargard.pl\/wp-content\/uploads\/2021\/12\/pracownia-taneczna-dancehall-sck-800x533.jpg 800w, https:\/\/sck.stargard.pl\/wp-content\/uploads\/2021\/12\/pracownia-taneczna-dancehall-sck.jpg 1280w\" data-sizes=\"auto\" data-orig-sizes=\"(max-width: 1150px) 100vw, (max-width: 640px) 100vw, 1280px\" \/><\/a><\/span><\/div><\/div><\/div><div class=\"fusion-layout-column fusion_builder_column fusion-builder-column-2 fusion_builder_column_1_1 1_1 fusion-flex-column\" style=\"--awb-bg-size:cover;--awb-width-large:100%;--awb-margin-top-large:50px;--awb-spacing-right-large:1.92%;--awb-margin-bottom-large:20px;--awb-spacing-left-large:1.92%;--awb-width-medium:100%;--awb-order-medium:0;--awb-spacing-right-medium:1.92%;--awb-spacing-left-medium:1.92%;--awb-width-small:100%;--awb-order-small:0;--awb-spacing-right-small:1.92%;--awb-spacing-left-small:1.92%;\"><div class=\"fusion-column-wrapper fusion-column-has-shadow fusion-flex-justify-content-flex-start fusion-content-layout-column\"><div style=\"text-align:center;\"><a class=\"fusion-button button-flat button-large button-custom fusion-button-default button-1 fusion-button-default-span fusion-button-default-type\" style=\"--button_accent_color:#070a21;--button_border_color:#81ae20;--button_accent_hover_color:#070a21;--button_border_hover_color:#a70240;--button_border_width-top:8px;--button_border_width-right:8px;--button_border_width-bottom:8px;--button_border_width-left:8px;--button-border-radius-top-left:0;--button-border-radius-top-right:0;--button-border-radius-bottom-right:0;--button-border-radius-bottom-left:0;--button_gradient_top_color:rgba(255,255,255,0);--button_gradient_bottom_color:rgba(255,255,255,0);--button_gradient_top_color_hover:rgba(255,255,255,0);--button_gradient_bottom_color_hover:rgba(255,255,255,0);--button_text_transform:lowercase;--button_typography-letter-spacing:-1px;--button_typography-font-family:&quot;Montserrat&quot;;--button_typography-font-style:normal;--button_typography-font-weight:800;\" target=\"_self\" href=\"https:\/\/sck.stargard.pl\/de\/workshops\/\"><span class=\"fusion-button-text awb-button__text awb-button__text--default\">zur\u00fcck<\/span><\/a><\/div><\/div><\/div><\/div><\/div>\n","protected":false},"excerpt":{"rendered":"","protected":false},"author":1,"featured_media":7355,"parent":7845,"menu_order":0,"comment_status":"closed","ping_status":"closed","template":"","meta":{"_acf_changed":false,"footnotes":""},"class_list":["post-7863","page","type-page","status-publish","has-post-thumbnail","hentry"],"acf":[],"_links":{"self":[{"href":"https:\/\/sck.stargard.pl\/de\/wp-json\/wp\/v2\/pages\/7863","targetHints":{"allow":["GET"]}}],"collection":[{"href":"https:\/\/sck.stargard.pl\/de\/wp-json\/wp\/v2\/pages"}],"about":[{"href":"https:\/\/sck.stargard.pl\/de\/wp-json\/wp\/v2\/types\/page"}],"author":[{"embeddable":true,"href":"https:\/\/sck.stargard.pl\/de\/wp-json\/wp\/v2\/users\/1"}],"replies":[{"embeddable":true,"href":"https:\/\/sck.stargard.pl\/de\/wp-json\/wp\/v2\/comments?post=7863"}],"version-history":[{"count":3,"href":"https:\/\/sck.stargard.pl\/de\/wp-json\/wp\/v2\/pages\/7863\/revisions"}],"predecessor-version":[{"id":8054,"href":"https:\/\/sck.stargard.pl\/de\/wp-json\/wp\/v2\/pages\/7863\/revisions\/8054"}],"up":[{"embeddable":true,"href":"https:\/\/sck.stargard.pl\/de\/wp-json\/wp\/v2\/pages\/7845"}],"wp:featuredmedia":[{"embeddable":true,"href":"https:\/\/sck.stargard.pl\/de\/wp-json\/wp\/v2\/media\/7355"}],"wp:attachment":[{"href":"https:\/\/sck.stargard.pl\/de\/wp-json\/wp\/v2\/media?parent=7863"}],"curies":[{"name":"wp","href":"https:\/\/api.w.org\/{rel}","templated":true}]}}