{"id":7842,"date":"2021-12-17T14:05:41","date_gmt":"2021-12-17T13:05:41","guid":{"rendered":"https:\/\/sck.stargard.pl\/ueber-uns\/saalen\/"},"modified":"2022-05-04T08:55:32","modified_gmt":"2022-05-04T06:55:32","slug":"saalen","status":"publish","type":"page","link":"https:\/\/sck.stargard.pl\/de\/ueber-uns\/saalen\/","title":{"rendered":"Saalen"},"content":{"rendered":"<p><div class=\"fusion-fullwidth fullwidth-box fusion-builder-row-1 fusion-flex-container nonhundred-percent-fullwidth non-hundred-percent-height-scrolling fusion-custom-z-index\" style=\"--awb-border-sizes-top:0px;--awb-border-sizes-bottom:0px;--awb-border-sizes-left:0px;--awb-border-sizes-right:0px;--awb-border-radius-top-left:0px;--awb-border-radius-top-right:0px;--awb-border-radius-bottom-right:0px;--awb-border-radius-bottom-left:0px;--awb-z-index:999;--awb-padding-top:0px;--awb-padding-bottom:0px;--awb-padding-left:0px;--awb-margin-top:-30px;--awb-margin-bottom:20px;--awb-flex-wrap:wrap;\" ><div class=\"fusion-builder-row fusion-row fusion-flex-align-items-flex-start fusion-flex-content-wrap\" style=\"max-width:1352px;margin-left: calc(-4% \/ 2 );margin-right: calc(-4% \/ 2 );\"><div class=\"fusion-layout-column fusion_builder_column fusion-builder-column-0 fusion-flex-column\" style=\"--awb-bg-size:cover;--awb-border-color:#b4b4b4;--awb-border-top:1px;--awb-border-right:1px;--awb-border-bottom:1px;--awb-border-left:1px;--awb-border-style:solid;--awb-width-large:28%;--awb-margin-top-large:0px;--awb-spacing-right-large:6.8571428571429%;--awb-margin-bottom-large:0px;--awb-spacing-left-large:6.8571428571429%;--awb-width-medium:100%;--awb-order-medium:0;--awb-spacing-right-medium:1.92%;--awb-spacing-left-medium:1.92%;--awb-width-small:100%;--awb-order-small:0;--awb-spacing-right-small:1.92%;--awb-spacing-left-small:1.92%;\"><div class=\"fusion-column-wrapper fusion-column-has-shadow fusion-flex-justify-content-flex-start fusion-content-layout-column\"><nav class=\"awb-menu awb-menu_column awb-menu_em-click mobile-mode-collapse-to-button awb-menu_icons-left awb-menu_dc-yes mobile-trigger-fullwidth-off awb-menu_mobile-toggle awb-menu_indent-left mobile-size-column-absolute loading mega-menu-loading awb-menu_desktop awb-menu_flyout awb-menu_flyout__fade\" style=\"--awb-font-size:24px;--awb-text-transform:none;--awb-bg:#f4f4f4;--awb-letter-spacing:-1px;--awb-active-color:#a70240;--awb-active-bg:#ffffff;--awb-submenu-text-transform:none;--awb-icons-hover-color:#a70240;--awb-main-justify-content:flex-start;--awb-mobile-color:#070a21;--awb-mobile-nav-items-height:40;--awb-mobile-active-color:#a70240;--awb-mobile-trigger-font-size:24px;--awb-mobile-font-size:20px;--awb-justify-title:flex-start;--awb-mobile-justify:flex-start;--awb-mobile-caret-left:auto;--awb-mobile-caret-right:0;--awb-fusion-font-family-typography:&quot;Montserrat&quot;;--awb-fusion-font-style-typography:normal;--awb-fusion-font-weight-typography:600;--awb-fusion-font-family-submenu-typography:inherit;--awb-fusion-font-style-submenu-typography:normal;--awb-fusion-font-weight-submenu-typography:400;--awb-fusion-font-family-mobile-typography:&quot;Montserrat&quot;;--awb-fusion-font-style-mobile-typography:normal;--awb-fusion-font-weight-mobile-typography:600;\" aria-label=\"O NAS\" data-breakpoint=\"10000\" data-count=\"0\" data-transition-type=\"fade\" data-transition-time=\"300\"><button type=\"button\" class=\"awb-menu__m-toggle\" aria-expanded=\"false\" aria-controls=\"menu-o-nas\"><span class=\"awb-menu__m-toggle-inner\"><span class=\"collapsed-nav-text\">MENU:<\/span><span class=\"awb-menu__m-collapse-icon\"><span class=\"awb-menu__m-collapse-icon-open fa-angle-down fas\"><\/span><span class=\"awb-menu__m-collapse-icon-close fa-times fas\"><\/span><\/span><\/span><\/button><button type=\"button\" class=\"awb-menu__flyout-close\" onClick=\"fusionNavCloseFlyoutSub(this);\"><\/button><ul id=\"menu-o-nas\" class=\"fusion-menu awb-menu__main-ul awb-menu__main-ul_column\"><li  id=\"menu-item-4615\"  class=\"menu-item menu-item-type-post_type menu-item-object-page menu-item-4615 awb-menu__li awb-menu__main-li awb-menu__main-li_regular\"  data-item-id=\"4615\"><span class=\"awb-menu__main-background-default awb-menu__main-background-default_fade\"><\/span><span class=\"awb-menu__main-background-active awb-menu__main-background-active_fade\"><\/span><a  href=\"https:\/\/sck.stargard.pl\/o-nas\/\" class=\"awb-menu__main-a awb-menu__main-a_regular\"><span class=\"menu-text\">\u00dcber uns<\/span><\/a><\/li><li  id=\"menu-item-4614\"  class=\"menu-item menu-item-type-post_type menu-item-object-page menu-item-4614 awb-menu__li awb-menu__main-li awb-menu__main-li_regular fusion-flyout-menu-item-last\"  data-item-id=\"4614\"><span class=\"awb-menu__main-background-default awb-menu__main-background-default_fade\"><\/span><span class=\"awb-menu__main-background-active awb-menu__main-background-active_fade\"><\/span><a  href=\"https:\/\/sck.stargard.pl\/o-nas\/sale\/\" class=\"awb-menu__main-a awb-menu__main-a_regular\"><span class=\"menu-text\">Saalen<\/span><\/a><\/li><\/ul><\/nav><\/div><\/div><\/div><\/div><div class=\"fusion-fullwidth fullwidth-box fusion-builder-row-2 fusion-flex-container nonhundred-percent-fullwidth non-hundred-percent-height-scrolling\" style=\"--awb-border-sizes-top:0px;--awb-border-sizes-bottom:0px;--awb-border-sizes-left:0px;--awb-border-sizes-right:0px;--awb-border-radius-top-left:0px;--awb-border-radius-top-right:0px;--awb-border-radius-bottom-right:0px;--awb-border-radius-bottom-left:0px;--awb-padding-top:0px;--awb-padding-bottom:40px;--awb-margin-top:0px;--awb-margin-bottom:0px;--awb-flex-wrap:wrap;\" ><div class=\"fusion-builder-row fusion-row fusion-flex-align-items-flex-start fusion-flex-content-wrap\" style=\"max-width:1352px;margin-left: calc(-4% \/ 2 );margin-right: calc(-4% \/ 2 );\"><div class=\"fusion-layout-column fusion_builder_column fusion-builder-column-1 fusion_builder_column_1_1 1_1 fusion-flex-column\" style=\"--awb-bg-size:cover;--awb-width-large:100%;--awb-margin-top-large:20px;--awb-spacing-right-large:1.92%;--awb-margin-bottom-large:20px;--awb-spacing-left-large:1.92%;--awb-width-medium:100%;--awb-order-medium:0;--awb-spacing-right-medium:1.92%;--awb-spacing-left-medium:1.92%;--awb-width-small:100%;--awb-order-small:0;--awb-spacing-right-small:1.92%;--awb-spacing-left-small:1.92%;\"><div class=\"fusion-column-wrapper fusion-column-has-shadow fusion-flex-justify-content-flex-start fusion-content-layout-column\"><div class=\"fusion-title title fusion-title-1 fusion-title-text fusion-title-size-two\" style=\"--awb-margin-top-small:0px;--awb-margin-bottom-small:20px;\"><div class=\"title-sep-container title-sep-container-left fusion-no-large-visibility fusion-no-medium-visibility fusion-no-small-visibility\"><div class=\"title-sep sep- sep-solid\" style=\"border-color:#e2e2e2;\"><\/div><\/div><span class=\"awb-title-spacer fusion-no-large-visibility fusion-no-medium-visibility fusion-no-small-visibility\"><\/span><h2 class=\"fusion-title-heading title-heading-left fusion-responsive-typography-calculated\" style=\"margin:0;--fontSize:36;line-height:1.2;\">Saal 1 \u2013 Gro\u00dfe B\u00fchne<\/h2><span class=\"awb-title-spacer\"><\/span><div class=\"title-sep-container title-sep-container-right\"><div class=\"title-sep sep- sep-solid\" style=\"border-color:#e2e2e2;\"><\/div><\/div><\/div><div class=\"fusion-text fusion-text-1\" style=\"--awb-font-size:18px;--awb-letter-spacing:0px;--awb-text-transform:none;\"><div id=\"text\" class=\"widget\" draggable=\"false\" data-widget-class=\"TextWidget\">\n<div class=\"alloy-editor\">\n<p>Der Schauspiel- und Kinosaal mit Balkon verf\u00fcgt \u00fcber insgesamt 394 Sitzpl\u00e4tze. Neben Filmvorf\u00fchrungen werden hier auch Theater-, Kabarett- und Konzertauff\u00fchrungen angeboten. Er wird auch f\u00fcr Pr\u00e4sentationen, Vortr\u00e4ge und andere Veranstaltungen f\u00fcr gr\u00f6\u00dfere Zuschauerkreise genutzt.<\/p>\n<\/div>\n<\/div>\n<\/div><\/div><\/div><div class=\"fusion-layout-column fusion_builder_column fusion-builder-column-2 fusion_builder_column_1_2 1_2 fusion-flex-column\" style=\"--awb-bg-size:cover;--awb-width-large:50%;--awb-margin-top-large:0px;--awb-spacing-right-large:3.84%;--awb-margin-bottom-large:20px;--awb-spacing-left-large:3.84%;--awb-width-medium:100%;--awb-order-medium:0;--awb-spacing-right-medium:1.92%;--awb-spacing-left-medium:1.92%;--awb-width-small:100%;--awb-order-small:0;--awb-spacing-right-small:1.92%;--awb-spacing-left-small:1.92%;\"><div class=\"fusion-column-wrapper fusion-column-has-shadow fusion-flex-justify-content-flex-start fusion-content-layout-column\"><div class=\"fusion-text fusion-text-2\"><p style=\"text-align: center;\"><span id=\"&#091;0,13&#093;\" class=\"word\">Zuschauerraum<\/span>\u00a0<span id=\"&#091;14,15&#093;\" class=\"word\">\u2013<\/span>\u00a0<span id=\"&#091;16,27&#093;\" class=\"word\">Erdgeschoss<\/span><br \/>\n(<span id=\"&#091;30,33&#093;\" class=\"word\">215<\/span>\u00a0Sitzp<span id=\"&#091;34,40&#093;\" class=\"word\">l\u00e4tze<\/span>)<\/p>\n<\/div><div class=\"fusion-image-element \" style=\"--awb-caption-title-font-family:var(--h2_typography-font-family);--awb-caption-title-font-weight:var(--h2_typography-font-weight);--awb-caption-title-font-style:var(--h2_typography-font-style);--awb-caption-title-size:var(--h2_typography-font-size);--awb-caption-title-transform:var(--h2_typography-text-transform);--awb-caption-title-line-height:var(--h2_typography-line-height);--awb-caption-title-letter-spacing:var(--h2_typography-letter-spacing);\"><span class=\" fusion-imageframe imageframe-none imageframe-1 hover-type-none\"><img decoding=\"async\" width=\"656\" height=\"599\" title=\"sala1-duza-scena-parter\" src=\"data:image\/svg+xml,%3Csvg%20xmlns%3D%27http%3A%2F%2Fwww.w3.org%2F2000%2Fsvg%27%20width%3D%27656%27%20height%3D%27599%27%20viewBox%3D%270%200%20656%20599%27%3E%3Crect%20width%3D%27656%27%20height%3D%27599%27%20fill-opacity%3D%220%22%2F%3E%3C%2Fsvg%3E\" data-orig-src=\"https:\/\/sck.stargard.pl\/wp-content\/uploads\/2021\/12\/sala1-duza-scena-parter.jpg\" alt class=\"lazyload img-responsive wp-image-7432\"\/><\/span><\/div><\/div><\/div><div class=\"fusion-layout-column fusion_builder_column fusion-builder-column-3 fusion_builder_column_1_2 1_2 fusion-flex-column\" style=\"--awb-bg-size:cover;--awb-width-large:50%;--awb-margin-top-large:0px;--awb-spacing-right-large:3.84%;--awb-margin-bottom-large:20px;--awb-spacing-left-large:3.84%;--awb-width-medium:100%;--awb-order-medium:0;--awb-spacing-right-medium:1.92%;--awb-spacing-left-medium:1.92%;--awb-width-small:100%;--awb-order-small:0;--awb-spacing-right-small:1.92%;--awb-spacing-left-small:1.92%;\"><div class=\"fusion-column-wrapper fusion-column-has-shadow fusion-flex-justify-content-flex-start fusion-content-layout-column\"><div class=\"fusion-text fusion-text-3\"><p style=\"text-align: center;\"><span id=\"&#091;43,56&#093;\" class=\"word\">Zuschauerraum<\/span>\u00a0<span id=\"&#091;57,58&#093;\" class=\"word\">\u2013<\/span>\u00a0<span id=\"&#091;59,65&#093;\" class=\"word\">Balkon<\/span><br \/>\n(<span id=\"&#091;68,71&#093;\" class=\"word\">179<\/span>\u00a0<span id=\"&#091;72,82&#093;\" class=\"word\">Sitzpl\u00e4tze<\/span>)<\/p>\n<\/div><div class=\"fusion-image-element \" style=\"--awb-caption-title-font-family:var(--h2_typography-font-family);--awb-caption-title-font-weight:var(--h2_typography-font-weight);--awb-caption-title-font-style:var(--h2_typography-font-style);--awb-caption-title-size:var(--h2_typography-font-size);--awb-caption-title-transform:var(--h2_typography-text-transform);--awb-caption-title-line-height:var(--h2_typography-line-height);--awb-caption-title-letter-spacing:var(--h2_typography-letter-spacing);\"><span class=\" fusion-imageframe imageframe-none imageframe-2 hover-type-none\"><img decoding=\"async\" width=\"656\" height=\"599\" title=\"sala1-duza-scena-balkon\" src=\"data:image\/svg+xml,%3Csvg%20xmlns%3D%27http%3A%2F%2Fwww.w3.org%2F2000%2Fsvg%27%20width%3D%27656%27%20height%3D%27599%27%20viewBox%3D%270%200%20656%20599%27%3E%3Crect%20width%3D%27656%27%20height%3D%27599%27%20fill-opacity%3D%220%22%2F%3E%3C%2Fsvg%3E\" data-orig-src=\"https:\/\/sck.stargard.pl\/wp-content\/uploads\/2021\/12\/sala1-duza-scena-balkon.jpg\" alt class=\"lazyload img-responsive wp-image-7431\"\/><\/span><\/div><\/div><\/div><\/div><\/div><div class=\"fusion-fullwidth fullwidth-box fusion-builder-row-3 fusion-flex-container nonhundred-percent-fullwidth non-hundred-percent-height-scrolling\" style=\"--awb-border-sizes-top:0px;--awb-border-sizes-bottom:0px;--awb-border-sizes-left:0px;--awb-border-sizes-right:0px;--awb-border-radius-top-left:0px;--awb-border-radius-top-right:0px;--awb-border-radius-bottom-right:0px;--awb-border-radius-bottom-left:0px;--awb-padding-top:0px;--awb-padding-bottom:40px;--awb-margin-top:0px;--awb-margin-bottom:0px;--awb-flex-wrap:wrap;\" ><div class=\"fusion-builder-row fusion-row fusion-flex-align-items-flex-start fusion-flex-content-wrap\" style=\"max-width:1352px;margin-left: calc(-4% \/ 2 );margin-right: calc(-4% \/ 2 );\"><div class=\"fusion-layout-column fusion_builder_column fusion-builder-column-4 fusion_builder_column_1_1 1_1 fusion-flex-column\" style=\"--awb-bg-size:cover;--awb-width-large:100%;--awb-margin-top-large:20px;--awb-spacing-right-large:1.92%;--awb-margin-bottom-large:20px;--awb-spacing-left-large:1.92%;--awb-width-medium:100%;--awb-order-medium:0;--awb-spacing-right-medium:1.92%;--awb-spacing-left-medium:1.92%;--awb-width-small:100%;--awb-order-small:0;--awb-spacing-right-small:1.92%;--awb-spacing-left-small:1.92%;\"><div class=\"fusion-column-wrapper fusion-column-has-shadow fusion-flex-justify-content-flex-start fusion-content-layout-column\"><div class=\"fusion-title title fusion-title-2 fusion-title-text fusion-title-size-two\" style=\"--awb-margin-top-small:0px;--awb-margin-bottom-small:20px;\"><div class=\"title-sep-container title-sep-container-left fusion-no-large-visibility fusion-no-medium-visibility fusion-no-small-visibility\"><div class=\"title-sep sep- sep-solid\" style=\"border-color:#e2e2e2;\"><\/div><\/div><span class=\"awb-title-spacer fusion-no-large-visibility fusion-no-medium-visibility fusion-no-small-visibility\"><\/span><h2 class=\"fusion-title-heading title-heading-left fusion-responsive-typography-calculated\" style=\"margin:0;--fontSize:36;line-height:1.2;\">Saal 2 \u2013 K\u00fcnstlerkeller<\/h2><span class=\"awb-title-spacer\"><\/span><div class=\"title-sep-container title-sep-container-right\"><div class=\"title-sep sep- sep-solid\" style=\"border-color:#e2e2e2;\"><\/div><\/div><\/div><div class=\"fusion-text fusion-text-4\" style=\"--awb-font-size:18px;--awb-letter-spacing:0px;--awb-text-transform:none;\"><div id=\"text\" class=\"widget\" draggable=\"false\" data-widget-class=\"TextWidget\">\n<div class=\"alloy-editor\">\n<p>Zus\u00e4tzlich zu den achtzig Sitzpl\u00e4tzen verf\u00fcgt der K\u00fcnstlerkeller \u00fcber einen Raum, der f\u00fcr Menschen mit Behinderungen eingerichtet ist. Spezielle Kinoveranstaltungen f\u00fcr ein ausgew\u00e4hltes Publikum erg\u00e4nzen die im Spielplan stehenden Filmvorf\u00fchrungen.<\/p>\n<\/div>\n<\/div>\n<\/div><\/div><\/div><div class=\"fusion-layout-column fusion_builder_column fusion-builder-column-5 fusion_builder_column_1_2 1_2 fusion-flex-column\" style=\"--awb-bg-size:cover;--awb-width-large:50%;--awb-margin-top-large:0px;--awb-spacing-right-large:3.84%;--awb-margin-bottom-large:20px;--awb-spacing-left-large:3.84%;--awb-width-medium:100%;--awb-order-medium:0;--awb-spacing-right-medium:1.92%;--awb-spacing-left-medium:1.92%;--awb-width-small:100%;--awb-order-small:0;--awb-spacing-right-small:1.92%;--awb-spacing-left-small:1.92%;\"><div class=\"fusion-column-wrapper fusion-column-has-shadow fusion-flex-justify-content-flex-start fusion-content-layout-column\"><div class=\"fusion-text fusion-text-5\"><p style=\"text-align: center;\"><span id=\"&#091;85,98&#093;\" class=\"word\">Zuschauerraum<\/span>\u00a0<span id=\"&#091;99,100&#093;\" class=\"word\">\u2013<\/span>\u00a0<span id=\"&#091;101,115&#093;\" class=\"word\">K\u00fcnstlerkeller<\/span><br \/>\n(<span id=\"&#091;118,120&#093;\" class=\"word\">80<\/span>\u00a0Sitzp<span id=\"&#091;34,40&#093;\" class=\"word\">l\u00e4tze<\/span>)<\/p>\n<\/div><div class=\"fusion-image-element \" style=\"--awb-caption-title-font-family:var(--h2_typography-font-family);--awb-caption-title-font-weight:var(--h2_typography-font-weight);--awb-caption-title-font-style:var(--h2_typography-font-style);--awb-caption-title-size:var(--h2_typography-font-size);--awb-caption-title-transform:var(--h2_typography-text-transform);--awb-caption-title-line-height:var(--h2_typography-line-height);--awb-caption-title-letter-spacing:var(--h2_typography-letter-spacing);\"><span class=\" fusion-imageframe imageframe-none imageframe-3 hover-type-none\"><img decoding=\"async\" width=\"559\" height=\"342\" title=\"sala2-piwnica-artystyczna\" src=\"data:image\/svg+xml,%3Csvg%20xmlns%3D%27http%3A%2F%2Fwww.w3.org%2F2000%2Fsvg%27%20width%3D%27559%27%20height%3D%27342%27%20viewBox%3D%270%200%20559%20342%27%3E%3Crect%20width%3D%27559%27%20height%3D%27342%27%20fill-opacity%3D%220%22%2F%3E%3C%2Fsvg%3E\" data-orig-src=\"https:\/\/sck.stargard.pl\/wp-content\/uploads\/2021\/12\/sala2-piwnica-artystyczna.jpg\" alt class=\"lazyload img-responsive wp-image-7433\"\/><\/span><\/div><\/div><\/div><\/div><\/div><div class=\"fusion-fullwidth fullwidth-box fusion-builder-row-4 fusion-flex-container nonhundred-percent-fullwidth non-hundred-percent-height-scrolling\" style=\"--awb-border-sizes-top:0px;--awb-border-sizes-bottom:0px;--awb-border-sizes-left:0px;--awb-border-sizes-right:0px;--awb-border-radius-top-left:0px;--awb-border-radius-top-right:0px;--awb-border-radius-bottom-right:0px;--awb-border-radius-bottom-left:0px;--awb-padding-top:0px;--awb-padding-bottom:40px;--awb-margin-top:0px;--awb-margin-bottom:0px;--awb-flex-wrap:wrap;\" ><div class=\"fusion-builder-row fusion-row fusion-flex-align-items-flex-start fusion-flex-content-wrap\" style=\"max-width:1352px;margin-left: calc(-4% \/ 2 );margin-right: calc(-4% \/ 2 );\"><div class=\"fusion-layout-column fusion_builder_column fusion-builder-column-6 fusion_builder_column_1_1 1_1 fusion-flex-column\" style=\"--awb-bg-size:cover;--awb-width-large:100%;--awb-margin-top-large:20px;--awb-spacing-right-large:1.92%;--awb-margin-bottom-large:20px;--awb-spacing-left-large:1.92%;--awb-width-medium:100%;--awb-order-medium:0;--awb-spacing-right-medium:1.92%;--awb-spacing-left-medium:1.92%;--awb-width-small:100%;--awb-order-small:0;--awb-spacing-right-small:1.92%;--awb-spacing-left-small:1.92%;\"><div class=\"fusion-column-wrapper fusion-column-has-shadow fusion-flex-justify-content-flex-start fusion-content-layout-column\"><div class=\"fusion-title title fusion-title-3 fusion-title-text fusion-title-size-two\" style=\"--awb-margin-top-small:0px;--awb-margin-bottom-small:20px;\"><div class=\"title-sep-container title-sep-container-left fusion-no-large-visibility fusion-no-medium-visibility fusion-no-small-visibility\"><div class=\"title-sep sep- sep-solid\" style=\"border-color:#e2e2e2;\"><\/div><\/div><span class=\"awb-title-spacer fusion-no-large-visibility fusion-no-medium-visibility fusion-no-small-visibility\"><\/span><h2 class=\"fusion-title-heading title-heading-left fusion-responsive-typography-calculated\" style=\"margin:0;--fontSize:36;line-height:1.2;\">Saal 3 \u2013 Kleine B\u00fchne<\/h2><span class=\"awb-title-spacer\"><\/span><div class=\"title-sep-container title-sep-container-right\"><div class=\"title-sep sep- sep-solid\" style=\"border-color:#e2e2e2;\"><\/div><\/div><\/div><div class=\"fusion-text fusion-text-6\" style=\"--awb-font-size:18px;--awb-letter-spacing:0px;--awb-text-transform:none;\"><div id=\"text\" class=\"widget\" draggable=\"false\" data-widget-class=\"TextWidget\">\n<div class=\"alloy-editor\">\n<div id=\"text\" class=\"widget\" draggable=\"false\" data-widget-class=\"TextWidget\">\n<div class=\"alloy-editor\">\n<p>Die Kleine B\u00fchne kann dem Theater und dem Austausch mit dem Publikum gut dienen. Theaterauff\u00fchrungen eignet sich auch der Raum f\u00fcr Vortr\u00e4ge, Pr\u00e4sentationen und andere Formen der Interaktion in einer gr\u00f6\u00dferen Gruppe.<\/p>\n<\/div>\n<\/div>\n<\/div>\n<\/div>\n<\/div><\/div><\/div><div class=\"fusion-layout-column fusion_builder_column fusion-builder-column-7 fusion_builder_column_1_2 1_2 fusion-flex-column\" style=\"--awb-bg-size:cover;--awb-width-large:50%;--awb-margin-top-large:0px;--awb-spacing-right-large:3.84%;--awb-margin-bottom-large:20px;--awb-spacing-left-large:3.84%;--awb-width-medium:100%;--awb-order-medium:0;--awb-spacing-right-medium:1.92%;--awb-spacing-left-medium:1.92%;--awb-width-small:100%;--awb-order-small:0;--awb-spacing-right-small:1.92%;--awb-spacing-left-small:1.92%;\"><div class=\"fusion-column-wrapper fusion-column-has-shadow fusion-flex-justify-content-flex-start fusion-content-layout-column\"><div class=\"fusion-text fusion-text-7\"><p style=\"text-align: center;\"><span id=\"&#091;129,137&#093;\" class=\"word\">Zuschauerraum<\/span>\u00a0<span id=\"&#091;138,139&#093;\" class=\"word\">\u2013<\/span>\u00a0\u00a0<span id=\"&#091;145,151&#093;\" class=\"word\">kleine<\/span>\u00a0<span id=\"&#091;152,157&#093;\" class=\"word\">B\u00fchne<\/span><br \/>\n(<span id=\"&#091;160,162&#093;\" class=\"word\">19<\/span>0 Sitzp<span id=\"&#091;34,40&#093;\" class=\"word\">l\u00e4tze<\/span><span id=\"&#091;164,169&#093;\" class=\"word\"><\/span>)<\/p>\n<\/div><div class=\"fusion-image-element \" style=\"--awb-caption-title-font-family:var(--h2_typography-font-family);--awb-caption-title-font-weight:var(--h2_typography-font-weight);--awb-caption-title-font-style:var(--h2_typography-font-style);--awb-caption-title-size:var(--h2_typography-font-size);--awb-caption-title-transform:var(--h2_typography-text-transform);--awb-caption-title-line-height:var(--h2_typography-line-height);--awb-caption-title-letter-spacing:var(--h2_typography-letter-spacing);\"><span class=\" fusion-imageframe imageframe-none imageframe-4 hover-type-none\"><img decoding=\"async\" width=\"574\" height=\"563\" title=\"sala3-mala-scena\" src=\"data:image\/svg+xml,%3Csvg%20xmlns%3D%27http%3A%2F%2Fwww.w3.org%2F2000%2Fsvg%27%20width%3D%27574%27%20height%3D%27563%27%20viewBox%3D%270%200%20574%20563%27%3E%3Crect%20width%3D%27574%27%20height%3D%27563%27%20fill-opacity%3D%220%22%2F%3E%3C%2Fsvg%3E\" data-orig-src=\"https:\/\/sck.stargard.pl\/wp-content\/uploads\/2021\/12\/sala3-mala-scena.jpg\" alt class=\"lazyload img-responsive wp-image-7434\"\/><\/span><\/div><\/div><\/div><\/div><\/div><\/p>\n","protected":false},"excerpt":{"rendered":"","protected":false},"author":1,"featured_media":7716,"parent":7839,"menu_order":0,"comment_status":"closed","ping_status":"closed","template":"100-width.php","meta":{"_acf_changed":false,"footnotes":""},"class_list":["post-7842","page","type-page","status-publish","has-post-thumbnail","hentry"],"acf":[],"_links":{"self":[{"href":"https:\/\/sck.stargard.pl\/de\/wp-json\/wp\/v2\/pages\/7842","targetHints":{"allow":["GET"]}}],"collection":[{"href":"https:\/\/sck.stargard.pl\/de\/wp-json\/wp\/v2\/pages"}],"about":[{"href":"https:\/\/sck.stargard.pl\/de\/wp-json\/wp\/v2\/types\/page"}],"author":[{"embeddable":true,"href":"https:\/\/sck.stargard.pl\/de\/wp-json\/wp\/v2\/users\/1"}],"replies":[{"embeddable":true,"href":"https:\/\/sck.stargard.pl\/de\/wp-json\/wp\/v2\/comments?post=7842"}],"version-history":[{"count":4,"href":"https:\/\/sck.stargard.pl\/de\/wp-json\/wp\/v2\/pages\/7842\/revisions"}],"predecessor-version":[{"id":8181,"href":"https:\/\/sck.stargard.pl\/de\/wp-json\/wp\/v2\/pages\/7842\/revisions\/8181"}],"up":[{"embeddable":true,"href":"https:\/\/sck.stargard.pl\/de\/wp-json\/wp\/v2\/pages\/7839"}],"wp:featuredmedia":[{"embeddable":true,"href":"https:\/\/sck.stargard.pl\/de\/wp-json\/wp\/v2\/media\/7716"}],"wp:attachment":[{"href":"https:\/\/sck.stargard.pl\/de\/wp-json\/wp\/v2\/media?parent=7842"}],"curies":[{"name":"wp","href":"https:\/\/api.w.org\/{rel}","templated":true}]}}