{"id":7839,"date":"2021-10-24T05:23:09","date_gmt":"2021-10-24T03:23:09","guid":{"rendered":"https:\/\/sck.stargard.pl\/ueber-uns\/"},"modified":"2022-04-14T12:29:53","modified_gmt":"2022-04-14T10:29:53","slug":"ueber-uns","status":"publish","type":"page","link":"https:\/\/sck.stargard.pl\/de\/ueber-uns\/","title":{"rendered":"\u00dcber uns"},"content":{"rendered":"<p><div class=\"fusion-fullwidth fullwidth-box fusion-builder-row-1 fusion-flex-container nonhundred-percent-fullwidth non-hundred-percent-height-scrolling fusion-custom-z-index\" style=\"--awb-border-sizes-top:0px;--awb-border-sizes-bottom:0px;--awb-border-sizes-left:0px;--awb-border-sizes-right:0px;--awb-border-radius-top-left:0px;--awb-border-radius-top-right:0px;--awb-border-radius-bottom-right:0px;--awb-border-radius-bottom-left:0px;--awb-z-index:999;--awb-padding-top:0px;--awb-padding-bottom:0px;--awb-padding-left:0px;--awb-margin-top:-30px;--awb-margin-bottom:20px;--awb-flex-wrap:wrap;\" ><div class=\"fusion-builder-row fusion-row fusion-flex-align-items-flex-start fusion-flex-content-wrap\" style=\"max-width:1352px;margin-left: calc(-4% \/ 2 );margin-right: calc(-4% \/ 2 );\"><div class=\"fusion-layout-column fusion_builder_column fusion-builder-column-0 fusion-flex-column\" style=\"--awb-bg-size:cover;--awb-border-color:#b4b4b4;--awb-border-top:1px;--awb-border-right:1px;--awb-border-bottom:1px;--awb-border-left:1px;--awb-border-style:solid;--awb-width-large:28%;--awb-margin-top-large:0px;--awb-spacing-right-large:6.8571428571429%;--awb-margin-bottom-large:0px;--awb-spacing-left-large:6.8571428571429%;--awb-width-medium:100%;--awb-order-medium:0;--awb-spacing-right-medium:1.92%;--awb-spacing-left-medium:1.92%;--awb-width-small:100%;--awb-order-small:0;--awb-spacing-right-small:1.92%;--awb-spacing-left-small:1.92%;\"><div class=\"fusion-column-wrapper fusion-column-has-shadow fusion-flex-justify-content-flex-start fusion-content-layout-column\"><nav class=\"awb-menu awb-menu_column awb-menu_em-click mobile-mode-collapse-to-button awb-menu_icons-left awb-menu_dc-yes mobile-trigger-fullwidth-off awb-menu_mobile-toggle awb-menu_indent-left mobile-size-column-absolute loading mega-menu-loading awb-menu_desktop awb-menu_flyout awb-menu_flyout__fade\" style=\"--awb-font-size:24px;--awb-text-transform:none;--awb-bg:#f4f4f4;--awb-letter-spacing:-1px;--awb-active-color:#a70240;--awb-active-bg:#ffffff;--awb-submenu-text-transform:none;--awb-icons-hover-color:#a70240;--awb-main-justify-content:flex-start;--awb-mobile-color:#070a21;--awb-mobile-nav-items-height:40;--awb-mobile-active-color:#a70240;--awb-mobile-trigger-font-size:24px;--awb-mobile-font-size:20px;--awb-justify-title:flex-start;--awb-mobile-justify:flex-start;--awb-mobile-caret-left:auto;--awb-mobile-caret-right:0;--awb-fusion-font-family-typography:&quot;Montserrat&quot;;--awb-fusion-font-style-typography:normal;--awb-fusion-font-weight-typography:600;--awb-fusion-font-family-submenu-typography:inherit;--awb-fusion-font-style-submenu-typography:normal;--awb-fusion-font-weight-submenu-typography:400;--awb-fusion-font-family-mobile-typography:&quot;Montserrat&quot;;--awb-fusion-font-style-mobile-typography:normal;--awb-fusion-font-weight-mobile-typography:600;\" aria-label=\"O NAS\" data-breakpoint=\"10000\" data-count=\"0\" data-transition-type=\"fade\" data-transition-time=\"300\"><button type=\"button\" class=\"awb-menu__m-toggle\" aria-expanded=\"false\" aria-controls=\"menu-o-nas\"><span class=\"awb-menu__m-toggle-inner\"><span class=\"collapsed-nav-text\">MENU:<\/span><span class=\"awb-menu__m-collapse-icon\"><span class=\"awb-menu__m-collapse-icon-open fa-angle-down fas\"><\/span><span class=\"awb-menu__m-collapse-icon-close fa-times fas\"><\/span><\/span><\/span><\/button><button type=\"button\" class=\"awb-menu__flyout-close\" onClick=\"fusionNavCloseFlyoutSub(this);\"><\/button><ul id=\"menu-o-nas\" class=\"fusion-menu awb-menu__main-ul awb-menu__main-ul_column\"><li  id=\"menu-item-4615\"  class=\"menu-item menu-item-type-post_type menu-item-object-page menu-item-4615 awb-menu__li awb-menu__main-li awb-menu__main-li_regular\"  data-item-id=\"4615\"><span class=\"awb-menu__main-background-default awb-menu__main-background-default_fade\"><\/span><span class=\"awb-menu__main-background-active awb-menu__main-background-active_fade\"><\/span><a  href=\"https:\/\/sck.stargard.pl\/o-nas\/\" class=\"awb-menu__main-a awb-menu__main-a_regular\"><span class=\"menu-text\">\u00dcber uns<\/span><\/a><\/li><li  id=\"menu-item-4614\"  class=\"menu-item menu-item-type-post_type menu-item-object-page menu-item-4614 awb-menu__li awb-menu__main-li awb-menu__main-li_regular fusion-flyout-menu-item-last\"  data-item-id=\"4614\"><span class=\"awb-menu__main-background-default awb-menu__main-background-default_fade\"><\/span><span class=\"awb-menu__main-background-active awb-menu__main-background-active_fade\"><\/span><a  href=\"https:\/\/sck.stargard.pl\/o-nas\/sale\/\" class=\"awb-menu__main-a awb-menu__main-a_regular\"><span class=\"menu-text\">Saalen<\/span><\/a><\/li><\/ul><\/nav><\/div><\/div><\/div><\/div><div class=\"fusion-fullwidth fullwidth-box fusion-builder-row-2 fusion-flex-container nonhundred-percent-fullwidth non-hundred-percent-height-scrolling\" style=\"--awb-border-sizes-top:0px;--awb-border-sizes-bottom:0px;--awb-border-sizes-left:0px;--awb-border-sizes-right:0px;--awb-border-radius-top-left:0px;--awb-border-radius-top-right:0px;--awb-border-radius-bottom-right:0px;--awb-border-radius-bottom-left:0px;--awb-padding-top:0px;--awb-padding-bottom:40px;--awb-margin-top:0px;--awb-margin-bottom:0px;--awb-flex-wrap:wrap;\" ><div class=\"fusion-builder-row fusion-row fusion-flex-align-items-flex-start fusion-flex-content-wrap\" style=\"max-width:1352px;margin-left: calc(-4% \/ 2 );margin-right: calc(-4% \/ 2 );\"><div class=\"fusion-layout-column fusion_builder_column fusion-builder-column-1 fusion_builder_column_1_4 1_4 fusion-flex-column\" style=\"--awb-bg-size:cover;--awb-width-large:25%;--awb-margin-top-large:0px;--awb-spacing-right-large:7.68%;--awb-margin-bottom-large:20px;--awb-spacing-left-large:7.68%;--awb-width-medium:100%;--awb-spacing-right-medium:1.92%;--awb-spacing-left-medium:1.92%;--awb-width-small:100%;--awb-spacing-right-small:1.92%;--awb-spacing-left-small:1.92%;\"><div class=\"fusion-column-wrapper fusion-flex-justify-content-flex-start fusion-content-layout-column\"><div class=\"fusion-image-element \" style=\"--awb-caption-title-font-family:var(--h2_typography-font-family);--awb-caption-title-font-weight:var(--h2_typography-font-weight);--awb-caption-title-font-style:var(--h2_typography-font-style);--awb-caption-title-size:var(--h2_typography-font-size);--awb-caption-title-transform:var(--h2_typography-text-transform);--awb-caption-title-line-height:var(--h2_typography-line-height);--awb-caption-title-letter-spacing:var(--h2_typography-letter-spacing);\"><span class=\" fusion-imageframe imageframe-none imageframe-1 hover-type-none\"><img decoding=\"async\" width=\"300\" height=\"193\" title=\"sck-logo-300\" src=\"data:image\/svg+xml,%3Csvg%20xmlns%3D%27http%3A%2F%2Fwww.w3.org%2F2000%2Fsvg%27%20width%3D%27300%27%20height%3D%27193%27%20viewBox%3D%270%200%20300%20193%27%3E%3Crect%20width%3D%27300%27%20height%3D%27193%27%20fill-opacity%3D%220%22%2F%3E%3C%2Fsvg%3E\" data-orig-src=\"https:\/\/sck.stargard.pl\/wp-content\/uploads\/2021\/11\/sck-logo-300.png\" alt class=\"lazyload img-responsive wp-image-7233\"\/><\/span><\/div><\/div><\/div><div class=\"fusion-layout-column fusion_builder_column fusion-builder-column-2 fusion_builder_column_3_4 3_4 fusion-flex-column\" style=\"--awb-bg-size:cover;--awb-width-large:75%;--awb-margin-top-large:0px;--awb-spacing-right-large:2.56%;--awb-margin-bottom-large:20px;--awb-spacing-left-large:2.56%;--awb-width-medium:100%;--awb-spacing-right-medium:1.92%;--awb-spacing-left-medium:1.92%;--awb-width-small:100%;--awb-spacing-right-small:1.92%;--awb-spacing-left-small:1.92%;\"><div class=\"fusion-column-wrapper fusion-flex-justify-content-flex-start fusion-content-layout-column\"><div class=\"fusion-title title fusion-title-1 fusion-title-text fusion-title-size-two\" style=\"--awb-margin-top-small:0px;--awb-margin-bottom-small:20px;\"><div class=\"title-sep-container title-sep-container-left fusion-no-large-visibility fusion-no-medium-visibility fusion-no-small-visibility\"><div class=\"title-sep sep- sep-solid\" style=\"border-color:#e2e2e2;\"><\/div><\/div><span class=\"awb-title-spacer fusion-no-large-visibility fusion-no-medium-visibility fusion-no-small-visibility\"><\/span><h2 class=\"fusion-title-heading title-heading-left fusion-responsive-typography-calculated\" style=\"margin:0;--fontSize:36;line-height:1.2;\">Stargardzkie Centrum Kultury<\/h2><span class=\"awb-title-spacer\"><\/span><div class=\"title-sep-container title-sep-container-right\"><div class=\"title-sep sep- sep-solid\" style=\"border-color:#e2e2e2;\"><\/div><\/div><\/div><div class=\"fusion-text fusion-text-1\" style=\"--awb-text-transform:none;\"><p><strong>Lokale Kultureinrichtung, die in mehreren Kulturbereichen aktiv agiert, das Interesse der Einwohner von Stargard an Kultur f\u00f6rdert und ihren Erwartungen entgegenkommt.<\/strong><\/p>\n<\/div><\/div><\/div><div class=\"fusion-layout-column fusion_builder_column fusion-builder-column-3 fusion_builder_column_1_1 1_1 fusion-flex-column\" style=\"--awb-bg-size:cover;--awb-width-large:100%;--awb-margin-top-large:20px;--awb-spacing-right-large:1.92%;--awb-margin-bottom-large:20px;--awb-spacing-left-large:1.92%;--awb-width-medium:100%;--awb-order-medium:0;--awb-spacing-right-medium:1.92%;--awb-spacing-left-medium:1.92%;--awb-width-small:100%;--awb-order-small:0;--awb-spacing-right-small:1.92%;--awb-spacing-left-small:1.92%;\"><div class=\"fusion-column-wrapper fusion-column-has-shadow fusion-flex-justify-content-flex-start fusion-content-layout-column\"><div class=\"fusion-text fusion-text-2\" style=\"--awb-font-size:18px;--awb-letter-spacing:0px;--awb-text-transform:none;\"><p>Das Kulturzentrum in Stargard verf\u00fcgt \u00fcber einen professionell ausgestatteten Schauspiel-\/Kinosaal mit Lichttechnik und Beschallungsanlage &#8211; Gro\u00dfe B\u00fchne\/Saal Nr. 1 (Parkett: 215 Pl\u00e4tze, Balkon: 179 Pl\u00e4tze), einen Kinosaal \u2013 K\u00fcnstlerkeller\/Saal Nr. 2 (80 Pl\u00e4tze), einen kleinen Saal \u2013 Kleine B\u00fchne\/Saal Nr. 3 (200 Pl\u00e4tze) sowie einen Ballettsaal und einen Ausstellungssaal \u2013 Galerie 108, wo Malerei-, Grafik-, Kunsthandwerk-, Bildhauerei- und Fotoausstellungen sowohl von einheimischen K\u00fcnstlern als auch von solchen aus ganz Polen und dem Ausland organisiert werden. Das Kulturzentrum besitzt kleine und gro\u00dfe Beschallungsanlage, professionelle Lichttechnik und eine Freilichtb\u00fchne (4000 Pl\u00e4tze).<\/p>\n<\/div><div class=\"fusion-text fusion-text-3\" style=\"--awb-font-size:18px;--awb-letter-spacing:0px;--awb-text-transform:none;\"><p>Das Kulturzentrum in Stargard besteht seit 1983 und war zun\u00e4chst unter dem Namen Miejski Dom Kultury (St\u00e4dtisches Kulturhaus) im Untergeschoss der Stargarder Bibliothek untergebracht. 1984 erhielt das Zentrum seinen neuen Sitz in einem dreist\u00f6ckigen Geb\u00e4ude der ehemaligen Haftanstalt an der Marsza\u0142ek-J\u00f3zef-Pi\u0142sudski-Stra\u00dfe 105 und bekam den neuen, bis heute geltenden Namen. Marsza\u0142ka J\u00f3zefa Pi\u0142sudskiego 105, po dawnym areszcie \u015bledczym jednocze\u015bnie przyjmuj\u0105c now\u0105, obecn\u0105, nazw\u0119.<\/p>\n<p>Im Juni 1999 wurden die Kleine B\u00fchne und der Ballettsaal zusammen mit den Backstage-Einrichtungen des Kulturzentrums in Stargard fertig gestellt. Das war die erste Etappe eines langfristigen Umbauprojekts. Bis zu diesem Zeitpunkt hatte das Kulturzentrum in Stargard keinen eigenen Schauspielsaal und organisierte Veranstaltungen und einige Workshops in anderen, befreundeten Kultureinrichtungen in Stargard.<br \/>\nDas Geb\u00e4ude wurde 2000 von der Vereinigung Polnischer Architekten f\u00fcr seine architektonisch interessante Form und seine Benutzerfreundlichkeit ausgezeichnet.<\/p>\n<p>In den Jahren 2005-2006 wurde im Rahmen des IROP das Projekt &#8222;Errichtung eines Schauspielsaals im Stargarder Kulturzentrum in Stargard Szczeci\u0144ski&#8220; umgesetzt. Im Rahmen des Projektes wurde ein Schauspielsaal errichtet und das schon stark beanspruchte Hauptgeb\u00e4ude modernisiert. Die Er\u00f6ffnung fand am 15. November 2006 statt.<\/p>\n<p>Im Januar 2010 wurde im Kino ein digitaler Projektor installiert und das Kino f\u00fcr die 3D-Auff\u00fchrungen eingerichtet.<\/p>\n<p>Im Rahmen des von der Europ\u00e4ischen Union aus dem Europ\u00e4ischen Fonds f\u00fcr regionale Entwicklung im Rahmen des Regionalen Operationellen Programms der Woiwodschaft Westpommern gef\u00f6rderten Projekts &#8222;Umbau des K\u00fcnstlerkellers des Kulturzentrums in Stargard&#8220; wurde im M\u00e4rz 2013 der zweite Kinosaal, der K\u00fcnstlerkeller, zur Nutzung \u00fcberlassen. Das erm\u00f6glicht dem Kulturzentrum in Stargard, ein vielf\u00e4ltigeres Programm anzubieten und sein Kulturangebot zu erweitern.<\/p>\n<p>Im Herbst 2015 wurde das Foyer des Kinos modernisiert, es bekam neues Design und verbesserte Funktionalit\u00e4t, die Kassenschalter wurden in das Cafe integriert und die Ausstattung modernisiert, wodurch ein publikumsfreundliches Ambiente geschaffen wurde.<\/p>\n<p>Die Website, die neue Website des Kulturzentrums in Stargard, die Sie gerade besuchen, wurde am 1. Januar 2022 online gestellt.<\/p>\n<\/div><\/div><\/div><\/div><\/div><\/p>\n","protected":false},"excerpt":{"rendered":"","protected":false},"author":1,"featured_media":7716,"parent":0,"menu_order":0,"comment_status":"closed","ping_status":"closed","template":"100-width.php","meta":{"_acf_changed":false,"footnotes":""},"class_list":["post-7839","page","type-page","status-publish","has-post-thumbnail","hentry"],"acf":[],"_links":{"self":[{"href":"https:\/\/sck.stargard.pl\/de\/wp-json\/wp\/v2\/pages\/7839","targetHints":{"allow":["GET"]}}],"collection":[{"href":"https:\/\/sck.stargard.pl\/de\/wp-json\/wp\/v2\/pages"}],"about":[{"href":"https:\/\/sck.stargard.pl\/de\/wp-json\/wp\/v2\/types\/page"}],"author":[{"embeddable":true,"href":"https:\/\/sck.stargard.pl\/de\/wp-json\/wp\/v2\/users\/1"}],"replies":[{"embeddable":true,"href":"https:\/\/sck.stargard.pl\/de\/wp-json\/wp\/v2\/comments?post=7839"}],"version-history":[{"count":2,"href":"https:\/\/sck.stargard.pl\/de\/wp-json\/wp\/v2\/pages\/7839\/revisions"}],"predecessor-version":[{"id":7841,"href":"https:\/\/sck.stargard.pl\/de\/wp-json\/wp\/v2\/pages\/7839\/revisions\/7841"}],"wp:featuredmedia":[{"embeddable":true,"href":"https:\/\/sck.stargard.pl\/de\/wp-json\/wp\/v2\/media\/7716"}],"wp:attachment":[{"href":"https:\/\/sck.stargard.pl\/de\/wp-json\/wp\/v2\/media?parent=7839"}],"curies":[{"name":"wp","href":"https:\/\/api.w.org\/{rel}","templated":true}]}}